



{"id":11032,"date":"2022-02-09T14:06:15","date_gmt":"2022-02-09T13:06:15","guid":{"rendered":"https:\/\/varimixer.com\/?page_id=11032"},"modified":"2024-03-13T16:17:22","modified_gmt":"2024-03-13T15:17:22","slug":"roeremaskiner-til-den-kvalitetsbevidste-restaurant-old","status":"publish","type":"page","link":"https:\/\/varimixer.com\/da\/roeremaskiner-til-den-kvalitetsbevidste-restaurant-old\/","title":{"rendered":"R\u00f8remaskiner til den kvalitetsbevidste restaurant"},"content":{"rendered":"<div class=\"wpb-content-wrapper\"><p>[vc_row row_section=&#8221;moduleFullwidth&#8221;][vc_column]<div class=\"moduleImage moduleAlignmentStart flex-start col-sm-12\"  style=\"\"><img decoding=\"async\" src=\"https:\/\/varimixer.com\/wp-content\/uploads\/2021\/12\/Landing-page-restaurants-image-hero4.jpg\" \/><\/div><div class=\"moduleSeparator moduleAlignmentStart flex-start col-sm-12 has-margin    \"  style=\" margin-top:15px; margin-bottom:15px;\"><hr class=\"moduleHR \" style=\"border-top:0px solid #efefef;\" align=\"center\" width=\"100%\"\/><\/div>[\/vc_column][\/vc_row][vc_row][vc_column][vc_row_inner][vc_column_inner width=&#8221;1\/2&#8243;]<div class=\"moduleEditor moduleAlignmentStart flex-start col-sm-12\"  style=\"background:transparent;\"><h2>R\u00f8remaskiner til den kvalitetsbevidste restaurant<\/h2>\n<p>Kvaliteten af en r\u00f8remaskine kan have stor indflydelse p\u00e5 den totale restaurantoplevelse. G\u00e6sterne kan gl\u00e6de sig over forbedrede smage og konsistenser. I k\u00f8kkenet opn\u00e5r du \u00f8get produktivitet, sikkerhed og k\u00f8kkenhygiejne. En st\u00e6rk og driftssikker r\u00f8remaskine fra Varimixer tjener sig selv hjem over tid med sin stabile ydeevne, p\u00e5lidelighed og fleksibilitet.<\/p>\n<p>Varimixer har udviklet r\u00f8remaskiner til restauranter i mere end 100 \u00e5r. Vores maskiner bygger p\u00e5 en tradition for godt h\u00e5ndv\u00e6rk og en unik id\u00e9, hvor r\u00f8rev\u00e6rkt\u00f8jerne roterer om egen akse samtidig med, at de f\u00f8res rundt i en cirkelbev\u00e6gelse i sk\u00e5len \u2013 som planeter omkring solen. Det betyder, at hele massen i kedlen bearbejdes og alle omr\u00e5der langs kedlens kant n\u00e5s.<\/p>\n<p>Varimixer r\u00f8remaskiner er:<\/p>\n<ul>\n<li>St\u00e6rke og p\u00e5lidelige<\/li>\n<li>Fleksible med ekstra tilbeh\u00f8r og kedel-muligheder<\/li>\n<li>Designet til korrekte arbejdsstillinger<\/li>\n<li>Nemme at reng\u00f8re for maksimal hygiejne<\/li>\n<li>De eneste r\u00f8remaskiner i 100% rustfrit st\u00e5l<\/li>\n<\/ul>\n<\/div><div class=\"moduleSeparator moduleAlignmentStart flex-start col-sm-12 has-margin    \"  style=\" margin-top:5px; margin-bottom:5px;\"><hr class=\"moduleHR \" style=\"border-top:0px solid #efefef;\" align=\"center\" width=\"100%\"\/><\/div><div class=\"moduleEditor moduleAlignmentStart flex-start col-sm-12\"  style=\"background:transparent;\"><h3>Fleksible og robuste<\/h3>\n<p>Professionelle r\u00f8remaskiner fra Varimixer g\u00f8r en forskel i ethvert k\u00f8kken, der arbejder med dej, saucer, kartoffelmos, glasurer, cremer og andre r\u00f8rte madprodukter. Og med ekstra-tilbeh\u00f8r kan de ogs\u00e5 bruges til at snitte gr\u00f8ntsager, hakke k\u00f8d og rive ost. Det giver mange flere brugsmuligheder for den innovative k\u00f8kkenchef. Mange af modellerne kan desuden f\u00e5s med forskellige kedelst\u00f8rrelser afh\u00e6ngig af, hvor stor en portion, du \u00f8nsker.<\/p>\n<p>Se manualer for <a href=\"https:\/\/varimixer.com\/da\/download\/support\/meat-mincer\/\">k\u00f8dhakker<\/a> og <a href=\"https:\/\/varimixer.com\/da\/download\/support\/vegetable-cutter\/\">gr\u00f8ntsagssk\u00e6rer<\/a>.<\/p>\n<\/div>[\/vc_column_inner][vc_column_inner width=&#8221;1\/2&#8243; row_has_options_padding=&#8221;padding&#8221; row_padding_left_val=&#8221;px&#8221; row_padding_left_visibility=&#8221;padding-left-col-xs-hidden&#8221; row_padding_right_val=&#8221;px&#8221; row_padding_right_visibility=&#8221;padding-right-col-xs-hidden&#8221; row_bg_color=&#8221;&#8221; row_padding_left=&#8221;40&#8243; row_padding_right=&#8221;40&#8243;]<div class=\"moduleSeparator moduleAlignmentStart flex-start col-sm-12 has-margin  margin-bottom-col-md-hidden margin-bottom-col-lg-hidden  \"  style=\" margin-bottom:5px;\"><hr class=\"moduleHR \" style=\"border-top:0px solid #efefef;\" align=\"center\" width=\"100%\"\/><\/div><div class=\"moduleImage moduleAlignmentStart flex-start col-sm-12 has-margin    \"  style=\"background:transparent; margin-bottom:20px;\"><img decoding=\"async\" src=\"https:\/\/varimixer.com\/wp-content\/uploads\/2021\/12\/Landing-page-restaurants-image-1.jpg\" \/><\/div><div class=\"moduleImage moduleAlignmentStart flex-start col-sm-12\"  style=\"background:transparent;\"><img decoding=\"async\" src=\"https:\/\/varimixer.com\/wp-content\/uploads\/2021\/12\/Landing-page-restaurants-image-2.jpg\" \/><\/div>[\/vc_column_inner][\/vc_row_inner][\/vc_column][\/vc_row][vc_row][vc_column]<div class=\"moduleSeparator moduleAlignmentStart flex-start col-sm-12 has-margin    \"  style=\" margin-bottom:40px;\"><hr class=\"moduleHR \" style=\"border-top:0px solid #efefef;\" align=\"center\" width=\"100%\"\/><\/div>[\/vc_column][\/vc_row][vc_row][vc_column][vc_row_inner][vc_column_inner width=&#8221;1\/2&#8243;]<div class=\"moduleEditor moduleAlignmentStart flex-start col-sm-12 hidden-md hidden-sm hidden-xs\"  style=\"background:transparent;\"><p><iframe src=\"https:\/\/player.vimeo.com\/video\/658939068?h=1bbdb8f5f9\" width=\"640\" height=\"590\" frameborder=\"0\" allowfullscreen=\"allowfullscreen\"><\/iframe><\/p>\n<\/div><div class=\"moduleEditor moduleAlignmentStart flex-start col-sm-12 hidden-lg hidden-xs\"  style=\"background:transparent;\"><p><iframe src=\"https:\/\/player.vimeo.com\/video\/658939068?h=1bbdb8f5f9\" width=\"640\" height=\"350\" frameborder=\"0\" allowfullscreen=\"allowfullscreen\"><\/iframe><\/p>\n<\/div><div class=\"moduleEditor moduleAlignmentStart flex-start col-sm-12 hidden-lg hidden-md hidden-sm\"  style=\"background:transparent;\"><p><iframe src=\"https:\/\/player.vimeo.com\/video\/658939068?h=1bbdb8f5f9\" width=\"640\" height=\"400\" frameborder=\"0\" allowfullscreen=\"allowfullscreen\"><\/iframe><\/p>\n<\/div><div class=\"moduleEditor moduleAlignmentStart flex-start col-sm-12\"  style=\"background:transparent;\"><p><em>Tid er dyrebar. Specielt i et kommercielt k\u00f8kken. Derfor har vi udstyret vores professionelle r\u00f8remaskiner med en indbygget timer. Det giver dig mulighed for at lave andre opgaver, mens maskinen forbereder det perfekte mix. Du stiller bare timeren og kan lade maskinen arbejde. N\u00e5r tiden er g\u00e5et, stopper r\u00f8remaskinen automatisk og voila! Den perfekte mix er klar.\u00a0<\/em><\/p>\n<\/div>[\/vc_column_inner][vc_column_inner width=&#8221;1\/2&#8243; row_has_options_padding=&#8221;padding&#8221; row_padding_left_val=&#8221;px&#8221; row_padding_left_visibility=&#8221;padding-left-col-xs-hidden&#8221; row_padding_right_val=&#8221;px&#8221; row_padding_right_visibility=&#8221;padding-right-col-xs-hidden&#8221; row_bg_color=&#8221;&#8221; row_padding_left=&#8221;40&#8243; row_padding_right=&#8221;40&#8243;][\/vc_column_inner][\/vc_row_inner][\/vc_column][\/vc_row][vc_row][vc_column]<div class=\"moduleSeparator moduleAlignmentStart flex-start col-sm-12 has-margin    \"  style=\" margin-bottom:40px;\"><hr class=\"moduleHR \" style=\"border-top:0px solid #efefef;\" align=\"center\" width=\"100%\"\/><\/div>[\/vc_column][\/vc_row][vc_row][vc_column][vc_row_inner][vc_column_inner width=&#8221;1\/2&#8243;]<div class=\"moduleEditor moduleAlignmentStart flex-start col-sm-12 has-margin    \"  style=\"background:transparent; margin-bottom:60px;\"><h3>Nem at reng\u00f8re og vedligeholde<\/h3>\n<p>Reng\u00f8ringsvenligt udstyr er den enkleste vej til god k\u00f8kken- og f\u00f8devarehygiejne. Vores hygiejniske r\u00f8remaskiner er designet til at \u00f8ge produktivitet og reducere udgifter til vedligeholdelse. Varimixer er verdens f\u00f8rste producent af r\u00f8remaskiner i reng\u00f8ringsvenlig rustfrit st\u00e5l. Alle vores maskiner er designet med en overflade uden ydre skruer og \u00e5bninger. Selv benene er i rustfrit st\u00e5l for at undg\u00e5 rust og t\u00e6ring, som kan udg\u00f8re en potentiel sundhedsrisiko. Alle Varimixers modeller opfylder eller overg\u00e5r de anbefalede IP-standarder for kommercielle r\u00f8remaskiner.<\/p>\n<p><a href=\"https:\/\/varimixer.com\/da\/download\/support\/rengoerings-vejledninger\/\">Se reng\u00f8ringsguide<\/a><\/p>\n<\/div><div class=\"moduleEditor moduleAlignmentStart flex-start col-sm-12\"  style=\"background:transparent;\"><h3>Sk\u00e5n dine medarbejdere for tunge l\u00f8ft<\/h3>\n<p>Professionelle r\u00f8remaskiner fra Varimixer hj\u00e6lper dig med at holde en h\u00f8j standard inden for arbejdssikkerhed i din restaurant. Vores maskiner er sikre at bruge og opfylder de daglige krav til at undg\u00e5 tunge l\u00f8ft. Vores KODIAK og ERGO-modeller er optimeret til en korrekt og ergonomisk arbejdsstilling. De h\u00f8je l\u00f8ftevogne er designet ergonomisk, s\u00e5 kedlen kan k\u00f8res direkte over til arbejdsbordet i bordh\u00f8jde, hvor indholdet s\u00e5 nemt kan tippes ud.<\/p>\n<p><a href=\"https:\/\/varimixer.com\/da\/download\/support\/bowl-lifts\/\">Se dataark lifte<\/a><\/p>\n<\/div>[\/vc_column_inner][vc_column_inner width=&#8221;1\/2&#8243; row_has_options_padding=&#8221;padding&#8221; row_padding_left_val=&#8221;px&#8221; row_padding_left_visibility=&#8221;padding-left-col-xs-hidden&#8221; row_padding_right_val=&#8221;px&#8221; row_padding_right_visibility=&#8221;padding-right-col-xs-hidden&#8221; row_bg_color=&#8221;&#8221; row_padding_left=&#8221;40&#8243; row_padding_right=&#8221;40&#8243;]<div class=\"moduleSeparator moduleAlignmentStart flex-start col-sm-12 has-margin  margin-bottom-col-md-hidden margin-bottom-col-lg-hidden  \"  style=\" margin-bottom:5px;\"><hr class=\"moduleHR \" style=\"border-top:0px solid #efefef;\" align=\"center\" width=\"100%\"\/><\/div><div class=\"moduleImage moduleAlignmentStart flex-start col-sm-12\"  style=\"background:transparent;\"><img decoding=\"async\" src=\"https:\/\/varimixer.com\/wp-content\/uploads\/2021\/12\/Landing-page-restaurants-image-3.jpg\" \/><\/div>[\/vc_column_inner][\/vc_row_inner][\/vc_column][\/vc_row][vc_row][vc_column]<div class=\"moduleSeparator moduleAlignmentStart flex-start col-sm-12 has-margin    \"  style=\" margin-bottom:40px;\"><hr class=\"moduleHR \" style=\"border-top:0px solid #efefef;\" align=\"center\" width=\"100%\"\/><\/div>[\/vc_column][\/vc_row][vc_row][vc_column][vc_row_inner][vc_column_inner width=&#8221;1\/2&#8243; row_bg_color=&#8221;&#8221;]<div class=\"moduleEditor moduleAlignmentStart flex-start col-sm-12\"  style=\"background:transparent;\"><h3>Modeller til alle typer restauranter<\/h3>\n<p>Vi tilbyder et stort udvalg af r\u00f8remaskiner. Fra kompakte bordmodeller til kraftige gulvmodeller, der kan klare seje deje og store volumener. Har du et pizzeria, skal du tjekke vores store udvalg af specialiserede pizzadejs r\u00f8remaskiner.<\/p>\n<p>Med kedelst\u00f8rrelser op til 140 liter er maskinerne i vores <a href=\"https:\/\/varimixer.com\/da\/produkt\/ergo\/\">ERGO serie<\/a> ideelle, n\u00e5r der er behov for store portioner. ERGO har et banebrydende ergonomisk design. Alt arbejde foreg\u00e5r med en rank ryg, hvor man uhindret kan skifte v\u00e6rkt\u00f8jet til den korrekte, ergonomiske arbejdsh\u00f8jde. Kedlen kan desuden udskiftes og en ny k\u00f8res ind, uden at man beh\u00f8ver at afmontere r\u00f8rev\u00e6rkt\u00f8j.<\/p>\n<p>Varimixer <a href=\"https:\/\/varimixer.com\/da\/produkt\/ar\/\">AR serie<\/a> er s\u00e6rligt velegnet til mellemstore restauranter. Vores mest popul\u00e6re modeller er AR60 og AR40, som anvendes af flere tusinde restauranter og bagerier. Begge modeller findes ogs\u00e5 i en speciel pizza-variant med ekstra kraftig motor.<\/p>\n<p><a href=\"https:\/\/varimixer.com\/da\/produkt\/kodiak\/\">Varimixer Kodiak<\/a> er en perfekt r\u00f8remaskine til mindre restauranter, cafeer og delikatesse-k\u00f8kkener. Den fleksible maskine har verdens mest effektive piskeris, som \u00f8ger hastigheden i kanten af kedlen og derved mindsker arbejdstiden. Det g\u00f8r den helt perfekt til dressinger, cremer og dej. Kobler du ekstratilbeh\u00f8r p\u00e5, kan Kodiak ogs\u00e5 bruges til at snitte gr\u00f8ntsager, hakke k\u00f8d og rive ost. Kodiak blev tildelt k\u00f8kkeninnovations-prisen i 2015 af The National Restaurant Association i USA.<\/p>\n<\/div>[\/vc_column_inner][vc_column_inner width=&#8221;1\/2&#8243; row_has_options_padding=&#8221;padding&#8221; row_padding_left_val=&#8221;px&#8221; row_padding_left_visibility=&#8221;padding-left-col-xs-hidden&#8221; row_padding_right_val=&#8221;px&#8221; row_padding_right_visibility=&#8221;padding-right-col-xs-hidden&#8221; row_bg_color=&#8221;&#8221; row_padding_left=&#8221;40&#8243; row_padding_right=&#8221;40&#8243;]<div class=\"moduleSeparator moduleAlignmentStart flex-start col-sm-12 has-margin  margin-bottom-col-md-hidden margin-bottom-col-lg-hidden  \"  style=\" margin-bottom:5px;\"><hr class=\"moduleHR \" style=\"border-top:0px solid #efefef;\" align=\"center\" width=\"100%\"\/><\/div><div class=\"moduleImage moduleAlignmentStart flex-start col-sm-12\"  style=\"background:transparent;\"><img decoding=\"async\" src=\"https:\/\/varimixer.com\/wp-content\/uploads\/2022\/02\/Landing-page-restaurants-kodiak.jpg\" \/><\/div>[\/vc_column_inner][\/vc_row_inner][\/vc_column][\/vc_row][vc_row][vc_column]<div class=\"moduleSeparator moduleAlignmentStart flex-start col-sm-12 has-margin    \"  style=\" margin-bottom:40px;\"><hr class=\"moduleHR \" style=\"border-top:0px solid #efefef;\" align=\"center\" width=\"100%\"\/><\/div>[\/vc_column][\/vc_row][vc_row][vc_column][vc_row_inner][vc_column_inner width=&#8221;1\/2&#8243; row_bg_color=&#8221;&#8221;]<div class=\"moduleEditor moduleAlignmentStart flex-start col-sm-12\"  style=\"background:transparent;\"><h3>Kontakt en Varimixer restaurant-specialist<\/h3>\n<p>Kontakt en af vores dygtige forhandlere for yderligere information om vores store udvalg af r\u00f8remaskiner til restauranter.<\/p>\n<p><a href=\"\/da\/forhandlere\/\">Find forhandler i dit omr\u00e5de.<\/a><\/p>\n<\/div>[\/vc_column_inner][vc_column_inner width=&#8221;1\/2&#8243; row_has_options_padding=&#8221;padding&#8221; row_padding_left_val=&#8221;px&#8221; row_padding_left_visibility=&#8221;padding-left-col-xs-hidden&#8221; row_padding_right_val=&#8221;px&#8221; row_padding_right_visibility=&#8221;padding-right-col-xs-hidden&#8221; row_bg_color=&#8221;&#8221; row_padding_left=&#8221;40&#8243; row_padding_right=&#8221;40&#8243;][\/vc_column_inner][\/vc_row_inner][\/vc_column][\/vc_row][vc_row][vc_column]<div class=\"moduleSeparator moduleAlignmentStart flex-start col-sm-12 has-margin    \"  style=\" margin-bottom:40px;\"><hr class=\"moduleHR \" style=\"border-top:0px solid #efefef;\" align=\"center\" width=\"100%\"\/><\/div>[\/vc_column][\/vc_row]<\/p>\n<\/div>","protected":false},"excerpt":{"rendered":"<p>[vc_row row_section=&#8221;moduleFullwidth&#8221;][vc_column][\/vc_column][\/vc_row][vc_row][vc_column][vc_row_inner][vc_column_inner width=&#8221;1\/2&#8243;][\/vc_column_inner][vc_column_inner width=&#8221;1\/2&#8243; row_has_options_padding=&#8221;padding&#8221; row_padding_left_val=&#8221;px&#8221; row_padding_left_visibility=&#8221;padding-left-col-xs-hidden&#8221; row_padding_right_val=&#8221;px&#8221; row_padding_right_visibility=&#8221;padding-right-col-xs-hidden&#8221; row_bg_color=&#8221;&#8221; row_padding_left=&#8221;40&#8243; row_padding_right=&#8221;40&#8243;][\/vc_column_inner][\/vc_row_inner][\/vc_column][\/vc_row][vc_row][vc_column][\/vc_column][\/vc_row][vc_row][vc_column][vc_row_inner][vc_column_inner width=&#8221;1\/2&#8243;][\/vc_column_inner][vc_column_inner width=&#8221;1\/2&#8243; row_has_options_padding=&#8221;padding&#8221; row_padding_left_val=&#8221;px&#8221; row_padding_left_visibility=&#8221;padding-left-col-xs-hidden&#8221; row_padding_right_val=&#8221;px&#8221; row_padding_right_visibility=&#8221;padding-right-col-xs-hidden&#8221; row_bg_color=&#8221;&#8221; row_padding_left=&#8221;40&#8243; row_padding_right=&#8221;40&#8243;][\/vc_column_inner][\/vc_row_inner][\/vc_column][\/vc_row][vc_row][vc_column][\/vc_column][\/vc_row][vc_row][vc_column][vc_row_inner][vc_column_inner width=&#8221;1\/2&#8243;][\/vc_column_inner][vc_column_inner width=&#8221;1\/2&#8243; row_has_options_padding=&#8221;padding&#8221; row_padding_left_val=&#8221;px&#8221; row_padding_left_visibility=&#8221;padding-left-col-xs-hidden&#8221; row_padding_right_val=&#8221;px&#8221; row_padding_right_visibility=&#8221;padding-right-col-xs-hidden&#8221; row_bg_color=&#8221;&#8221; row_padding_left=&#8221;40&#8243; row_padding_right=&#8221;40&#8243;][\/vc_column_inner][\/vc_row_inner][\/vc_column][\/vc_row][vc_row][vc_column][\/vc_column][\/vc_row][vc_row][vc_column][vc_row_inner][vc_column_inner width=&#8221;1\/2&#8243; row_bg_color=&#8221;&#8221;][\/vc_column_inner][vc_column_inner width=&#8221;1\/2&#8243; row_has_options_padding=&#8221;padding&#8221; row_padding_left_val=&#8221;px&#8221; row_padding_left_visibility=&#8221;padding-left-col-xs-hidden&#8221; row_padding_right_val=&#8221;px&#8221; row_padding_right_visibility=&#8221;padding-right-col-xs-hidden&#8221; row_bg_color=&#8221;&#8221; row_padding_left=&#8221;40&#8243; row_padding_right=&#8221;40&#8243;][\/vc_column_inner][\/vc_row_inner][\/vc_column][\/vc_row][vc_row][vc_column][\/vc_column][\/vc_row][vc_row][vc_column][vc_row_inner][vc_column_inner width=&#8221;1\/2&#8243; row_bg_color=&#8221;&#8221;][\/vc_column_inner][vc_column_inner width=&#8221;1\/2&#8243; row_has_options_padding=&#8221;padding&#8221; row_padding_left_val=&#8221;px&#8221; row_padding_left_visibility=&#8221;padding-left-col-xs-hidden&#8221; row_padding_right_val=&#8221;px&#8221; row_padding_right_visibility=&#8221;padding-right-col-xs-hidden&#8221; row_bg_color=&#8221;&#8221; row_padding_left=&#8221;40&#8243; row_padding_right=&#8221;40&#8243;][\/vc_column_inner][\/vc_row_inner][\/vc_column][\/vc_row][vc_row][vc_column][\/vc_column][\/vc_row]<\/p>\n","protected":false},"author":209,"featured_media":0,"parent":0,"menu_order":104,"comment_status":"closed","ping_status":"closed","template":"","meta":{"_acf_changed":false,"footnotes":""},"class_list":["post-11032","page","type-page","status-publish","hentry"],"acf":[],"aioseo_notices":[],"_links":{"self":[{"href":"https:\/\/varimixer.com\/da\/wp-json\/wp\/v2\/pages\/11032","targetHints":{"allow":["GET"]}}],"collection":[{"href":"https:\/\/varimixer.com\/da\/wp-json\/wp\/v2\/pages"}],"about":[{"href":"https:\/\/varimixer.com\/da\/wp-json\/wp\/v2\/types\/page"}],"author":[{"embeddable":true,"href":"https:\/\/varimixer.com\/da\/wp-json\/wp\/v2\/users\/209"}],"replies":[{"embeddable":true,"href":"https:\/\/varimixer.com\/da\/wp-json\/wp\/v2\/comments?post=11032"}],"version-history":[{"count":0,"href":"https:\/\/varimixer.com\/da\/wp-json\/wp\/v2\/pages\/11032\/revisions"}],"wp:attachment":[{"href":"https:\/\/varimixer.com\/da\/wp-json\/wp\/v2\/media?parent=11032"}],"curies":[{"name":"wp","href":"https:\/\/api.w.org\/{rel}","templated":true}]}}