



{"id":11033,"date":"2022-02-09T14:35:11","date_gmt":"2022-02-09T13:35:11","guid":{"rendered":"https:\/\/varimixer.com\/?page_id=11033"},"modified":"2024-03-13T16:16:18","modified_gmt":"2024-03-13T15:16:18","slug":"professionelle-marine-roeremaskiner-old","status":"publish","type":"page","link":"https:\/\/varimixer.com\/da\/professionelle-marine-roeremaskiner-old\/","title":{"rendered":"Professionelle marine r\u00f8remaskiner"},"content":{"rendered":"<div class=\"wpb-content-wrapper\"><p>[vc_row row_section=&#8221;moduleFullwidth&#8221;][vc_column]<div class=\"moduleImage moduleAlignmentStart flex-start col-sm-12\"  style=\"\"><img decoding=\"async\" src=\"https:\/\/varimixer.com\/wp-content\/uploads\/2021\/12\/Landing-page-marine-image-hero.jpg\" \/><\/div><div class=\"moduleSeparator moduleAlignmentStart flex-start col-sm-12 has-margin    \"  style=\" margin-top:15px; margin-bottom:15px;\"><hr class=\"moduleHR \" style=\"border-top:0px solid #efefef;\" align=\"center\" width=\"100%\"\/><\/div>[\/vc_column][\/vc_row][vc_row][vc_column][vc_row_inner][vc_column_inner width=&#8221;1\/2&#8243;]<div class=\"moduleEditor moduleAlignmentStart flex-start col-sm-12\"  style=\"background:transparent;\"><h2>Professionelle marine r\u00f8remaskiner<\/h2>\n<p>R\u00f8remaskiner p\u00e5 skibe og i off-shore-k\u00f8kkener skal opfylde helt s\u00e6rlige krav. Str\u00f8mforsyningen er anderledes, og kravene til maskinerne er ogs\u00e5 mere strikse, s\u00e5 de ikke kan kortslutte pga af indtr\u00e6ngende vand. Det samme g\u00e6lder kravene til h\u00f8j hygiejne og enkel reng\u00f8ring. Varimixer im\u00f8dekommer alle disse krav med MARINE-versioner af alle r\u00f8remaskiner fra 10- 200 liters kapacitet.<\/p>\n<p>Varimixer MARINE er produceret i rustfrit st\u00e5l og opfylder IP44-standarden og USPHS-kravene. Maskinerne er beskyttet mod vandindtr\u00e6ngning \u2013 selv ved udluftning \u2013 og har skruer uden k\u00e6rv og glatte overflader for at sikre optimal hygiejne. Maskinerne st\u00e5r p\u00e5 fuldsvejsede rustfri st\u00e5lben, som kan boltes til gulvet.<\/p>\n<\/div><div class=\"moduleSeparator moduleAlignmentStart flex-start col-sm-12 has-margin    \"  style=\" margin-top:5px; margin-bottom:5px;\"><hr class=\"moduleHR \" style=\"border-top:0px solid #efefef;\" align=\"center\" width=\"100%\"\/><\/div><div class=\"moduleEditor moduleAlignmentStart flex-start col-sm-12\"  style=\"background:transparent;\"><h3>Fleksible og robuste<\/h3>\n<p>Varimixer har udviklet robuste og driftssikre r\u00f8remaskiner til bagerier og restauranter i mere end 100 \u00e5r. De sidste 30 \u00e5r har vi tilpasset vores teknologi til maritime omgivelser som f\u00e6rger, krydstogtsskibe, fragtskibe og boreplatforme.<\/p>\n<p>Vores maskiner bygger p\u00e5 en tradition for godt h\u00e5ndv\u00e6rk og en unik id\u00e9, hvor r\u00f8rev\u00e6rkt\u00f8jerne roterer om egen akse samtidig med, at de f\u00f8res rundt i en cirkelbev\u00e6gelse i sk\u00e5len \u2013 som planeter omkring solen. Det betyder, at hele massen i kedlen bearbejdes og alle omr\u00e5der langs kedlens kant n\u00e5s.<\/p>\n<p>Varimixer r\u00f8remaskiner er:<\/p>\n<ul>\n<li>St\u00e6rke og p\u00e5lidelige<\/li>\n<li>Fleksible med ekstra tilbeh\u00f8r og kedel-muligheder<\/li>\n<li>Designet til korrekte arbejdsstillinger<\/li>\n<li>Nemme at reng\u00f8re for maksimal hygiejne<\/li>\n<li>De eneste r\u00f8remaskiner i 100% rustfrit st\u00e5l<\/li>\n<\/ul>\n<p>Marine r\u00f8remaskiner fra Varimixer er vigtige arbejdsredskaber i ethvert skibsk\u00f8kken eller offshore restaurant, der r\u00f8rer dej, saucer, kartoffelmos, glasurer, cremer og mange andre typer r\u00f8rte madprodukter. Med ekstra tilbeh\u00f8r kan de ogs\u00e5 bruges til at snitte gr\u00f8ntsager, hakke k\u00f8d og rive ost. Det giver den innovative kok et v\u00e6ld af muligheder. Mange modeller har desuden variable kedel-st\u00f8rrelser, som giver mulighed for at arbejde med forskellig volumen.<\/p>\n<\/div>[\/vc_column_inner][vc_column_inner width=&#8221;1\/2&#8243; row_has_options_padding=&#8221;padding&#8221; row_padding_left_val=&#8221;px&#8221; row_padding_left_visibility=&#8221;padding-left-col-xs-hidden&#8221; row_padding_right_val=&#8221;px&#8221; row_padding_right_visibility=&#8221;padding-right-col-xs-hidden&#8221; row_bg_color=&#8221;&#8221; row_padding_left=&#8221;40&#8243; row_padding_right=&#8221;40&#8243;]<div class=\"moduleSeparator moduleAlignmentStart flex-start col-sm-12 has-margin  margin-bottom-col-md-hidden margin-bottom-col-lg-hidden  \"  style=\" margin-bottom:5px;\"><hr class=\"moduleHR \" style=\"border-top:0px solid #efefef;\" align=\"center\" width=\"100%\"\/><\/div><div class=\"moduleImage moduleAlignmentStart flex-start col-sm-12 has-margin    \"  style=\"background:transparent; margin-bottom:20px;\"><img decoding=\"async\" src=\"https:\/\/varimixer.com\/wp-content\/uploads\/2022\/01\/Landing-page-marine-image-2.jpg\" \/><\/div>[\/vc_column_inner][\/vc_row_inner][\/vc_column][\/vc_row][vc_row][vc_column]<div class=\"moduleSeparator moduleAlignmentStart flex-start col-sm-12 has-margin    \"  style=\" margin-bottom:40px;\"><hr class=\"moduleHR \" style=\"border-top:0px solid #efefef;\" align=\"center\" width=\"100%\"\/><\/div>[\/vc_column][\/vc_row][vc_row][vc_column][vc_row_inner][vc_column_inner width=&#8221;1\/2&#8243;]<div class=\"moduleEditor moduleAlignmentStart flex-start col-sm-12 has-margin    \"  style=\"background:transparent; margin-bottom:60px;\"><h3>Nem at reng\u00f8re og vedligeholde<\/h3>\n<p>Reng\u00f8ringsvenligt udstyr er den mest effektive m\u00e5de at holde en god k\u00f8kken- og f\u00f8devarehygiejne ombord. Vores hygiejniske r\u00f8remaskiner er designet til at \u00f8ge produktivitet og reducere vedligeholdelsesomkostninger. Varimixer er verdens f\u00f8rste producent af reng\u00f8ringsvenlige r\u00f8remaskiner i rustfrit st\u00e5l. Vores r\u00f8remaskiner er designet med reng\u00f8ringsvenlige overflader uden ydre skruer og \u00e5bninger. Selv benene er produceret i rustfrit st\u00e5l for at undg\u00e5 rust og korrosion, som kan udg\u00f8re en potentiel sundshedsrisiko. Alle Varimixers marine r\u00f8remaskiner opfylder IP44-standarden.<\/p>\n<\/div><div class=\"moduleEditor moduleAlignmentStart flex-start col-sm-12\"  style=\"background:transparent;\"><h3>Sk\u00e5n dine medarbejdere mod tunge l\u00f8ft<\/h3>\n<p>Marine r\u00f8remaskiner fra Varimixer hj\u00e6lper dig med at overholde den h\u00f8jeste standard inden for arbejdssikkerhed i dit k\u00f8kken. Vores r\u00f8remaskiner er sikre at bruge og opfylder de daglige krav til at undg\u00e5 tunge l\u00f8ft. Vores KODIAK og ERGO modeller er optimeret til en korrekt og ergonomisk arbejdsstilling. De h\u00f8je vogne og sk\u00e5le er designet ergonomisk, s\u00e5 de kan k\u00f8res direkte over til forberedelsesbordet i bordh\u00f8jde, hvor indholdet nemt kan tippes ud.<\/p>\n<\/div>[\/vc_column_inner][vc_column_inner width=&#8221;1\/2&#8243; row_has_options_padding=&#8221;padding&#8221; row_padding_left_val=&#8221;px&#8221; row_padding_left_visibility=&#8221;padding-left-col-xs-hidden&#8221; row_padding_right_val=&#8221;px&#8221; row_padding_right_visibility=&#8221;padding-right-col-xs-hidden&#8221; row_bg_color=&#8221;&#8221; row_padding_left=&#8221;40&#8243; row_padding_right=&#8221;40&#8243;]<div class=\"moduleSeparator moduleAlignmentStart flex-start col-sm-12 has-margin  margin-bottom-col-md-hidden margin-bottom-col-lg-hidden  \"  style=\" margin-bottom:5px;\"><hr class=\"moduleHR \" style=\"border-top:0px solid #efefef;\" align=\"center\" width=\"100%\"\/><\/div><div class=\"moduleImage moduleAlignmentStart flex-start col-sm-12\"  style=\"background:transparent;\"><img decoding=\"async\" src=\"https:\/\/varimixer.com\/wp-content\/uploads\/2021\/10\/Kodiak-heavy-lifting.jpg\" \/><\/div>[\/vc_column_inner][\/vc_row_inner][\/vc_column][\/vc_row][vc_row][vc_column]<div class=\"moduleSeparator moduleAlignmentStart flex-start col-sm-12 has-margin    \"  style=\" margin-bottom:40px;\"><hr class=\"moduleHR \" style=\"border-top:0px solid #efefef;\" align=\"center\" width=\"100%\"\/><\/div>[\/vc_column][\/vc_row][vc_row][vc_column][vc_row_inner][vc_column_inner width=&#8221;1\/2&#8243; row_bg_color=&#8221;&#8221;]<div class=\"moduleEditor moduleAlignmentStart flex-start col-sm-12\"  style=\"background:transparent;\"><h3>Modeller til ethvert skib og off-shore k\u00f8kken<\/h3>\n<p>Med kedelst\u00f8rrelser op til 140 liter er Varimixers <a href=\"https:\/\/varimixer.com\/da\/produkt\/ergo\/\">ERGO serie<\/a> ideel, n\u00e5r der er behov for store portioner. ERGO har et banebrydende ergonomisk design. Alt arbejde foreg\u00e5r med en rank ryg, hvor man uhindret kan skifte v\u00e6rkt\u00f8jet til den korrekte, ergonomiske arbejdsh\u00f8jde. I \u00f8vrigt kan kedlen udskiftes og en ny k\u00f8res ind, uden overhovedet at skulle flytte v\u00e6rkt\u00f8jet.<\/p>\n<p>Vores <a href=\"https:\/\/varimixer.com\/da\/produkt\/ar\/\">AR serie<\/a> er s\u00e6rligt velegnet til mellemstore k\u00f8kkener og bagerier. Vores mest popul\u00e6re modeller er AR60 og AR40, som er blevet valgt af tusindvis af bagerier, siden de blev lanceret i 1980.<\/p>\n<p><a href=\"https:\/\/varimixer.com\/da\/produkt\/kodiak\/\">Varimixer Kodiak<\/a> er den ideelle r\u00f8remaskine til mindre k\u00f8kkener. Den fleksible maskine har verdens mest effektive pisker, som \u00f8ger hastigheden i kanten af kedlen og dermed mindsker arbejdstiden. Det g\u00f8r den helt perfekt til dressinger, cremer og dej. Kobler du ekstratilbeh\u00f8r p\u00e5, kan Kodiak ogs\u00e5 bruges til at snitte gr\u00f8ntsager, hakke k\u00f8d og rive ost, som giver ekstra muligheder til den innovative k\u00f8kkenchef. Kodiak blev tildelt k\u00f8kkeninnovations-prisen i 2015 af The National Restaurant Association i USA.<\/p>\n<p><a href=\"https:\/\/varimixer.com\/wp-content\/uploads\/2022\/02\/IP_Ingress-protection_chart_Varimixer.pdf\">Download IP chart<\/a><\/p>\n<\/div>[\/vc_column_inner][vc_column_inner width=&#8221;1\/2&#8243; row_has_options_padding=&#8221;padding&#8221; row_padding_left_val=&#8221;px&#8221; row_padding_left_visibility=&#8221;padding-left-col-xs-hidden&#8221; row_padding_right_val=&#8221;px&#8221; row_padding_right_visibility=&#8221;padding-right-col-xs-hidden&#8221; row_bg_color=&#8221;&#8221; row_padding_left=&#8221;40&#8243; row_padding_right=&#8221;40&#8243;]<div class=\"moduleSeparator moduleAlignmentStart flex-start col-sm-12 has-margin  margin-bottom-col-md-hidden margin-bottom-col-lg-hidden  \"  style=\" margin-bottom:5px;\"><hr class=\"moduleHR \" style=\"border-top:0px solid #efefef;\" align=\"center\" width=\"100%\"\/><\/div><div class=\"moduleImage moduleAlignmentStart flex-start col-sm-12\"  style=\"background:transparent;\"><img decoding=\"async\" src=\"https:\/\/varimixer.com\/wp-content\/uploads\/2021\/12\/Landing-page-marine-image-4.jpg\" \/><\/div>[\/vc_column_inner][\/vc_row_inner][\/vc_column][\/vc_row][vc_row][vc_column]<div class=\"moduleSeparator moduleAlignmentStart flex-start col-sm-12 has-margin    \"  style=\" margin-bottom:40px;\"><hr class=\"moduleHR \" style=\"border-top:0px solid #efefef;\" align=\"center\" width=\"100%\"\/><\/div>[\/vc_column][\/vc_row][vc_row][vc_column][vc_row_inner][vc_column_inner width=&#8221;1\/2&#8243; row_bg_color=&#8221;&#8221;]<div class=\"moduleEditor moduleAlignmentStart flex-start col-sm-12\"  style=\"background:transparent;\"><h3>Kontakt en Varimixer marine r\u00f8remaskine-specialist<\/h3>\n<p>Kontakt en af vores dygtige forhandlere for yderligere information om vores store udvalg af r\u00f8remaskiner til marinek\u00f8kkener.<\/p>\n<p><a href=\"\/da\/forhandlere\/\">Find forhandler i dit omr\u00e5de.<\/a><\/p>\n<\/div>[\/vc_column_inner][vc_column_inner width=&#8221;1\/2&#8243; row_has_options_padding=&#8221;padding&#8221; row_padding_left_val=&#8221;px&#8221; row_padding_left_visibility=&#8221;padding-left-col-xs-hidden&#8221; row_padding_right_val=&#8221;px&#8221; row_padding_right_visibility=&#8221;padding-right-col-xs-hidden&#8221; row_bg_color=&#8221;&#8221; row_padding_left=&#8221;40&#8243; row_padding_right=&#8221;40&#8243;][\/vc_column_inner][\/vc_row_inner][\/vc_column][\/vc_row][vc_row][vc_column]<div class=\"moduleSeparator moduleAlignmentStart flex-start col-sm-12 has-margin    \"  style=\" margin-bottom:40px;\"><hr class=\"moduleHR \" style=\"border-top:0px solid #efefef;\" align=\"center\" width=\"100%\"\/><\/div>[\/vc_column][\/vc_row]<\/p>\n<\/div>","protected":false},"excerpt":{"rendered":"<p>[vc_row row_section=&#8221;moduleFullwidth&#8221;][vc_column][\/vc_column][\/vc_row][vc_row][vc_column][vc_row_inner][vc_column_inner width=&#8221;1\/2&#8243;][\/vc_column_inner][vc_column_inner width=&#8221;1\/2&#8243; row_has_options_padding=&#8221;padding&#8221; row_padding_left_val=&#8221;px&#8221; row_padding_left_visibility=&#8221;padding-left-col-xs-hidden&#8221; row_padding_right_val=&#8221;px&#8221; row_padding_right_visibility=&#8221;padding-right-col-xs-hidden&#8221; row_bg_color=&#8221;&#8221; row_padding_left=&#8221;40&#8243; row_padding_right=&#8221;40&#8243;][\/vc_column_inner][\/vc_row_inner][\/vc_column][\/vc_row][vc_row][vc_column][\/vc_column][\/vc_row][vc_row][vc_column][vc_row_inner][vc_column_inner width=&#8221;1\/2&#8243;][\/vc_column_inner][vc_column_inner width=&#8221;1\/2&#8243; row_has_options_padding=&#8221;padding&#8221; row_padding_left_val=&#8221;px&#8221; row_padding_left_visibility=&#8221;padding-left-col-xs-hidden&#8221; row_padding_right_val=&#8221;px&#8221; row_padding_right_visibility=&#8221;padding-right-col-xs-hidden&#8221; row_bg_color=&#8221;&#8221; row_padding_left=&#8221;40&#8243; row_padding_right=&#8221;40&#8243;][\/vc_column_inner][\/vc_row_inner][\/vc_column][\/vc_row][vc_row][vc_column][\/vc_column][\/vc_row][vc_row][vc_column][vc_row_inner][vc_column_inner width=&#8221;1\/2&#8243; row_bg_color=&#8221;&#8221;][\/vc_column_inner][vc_column_inner width=&#8221;1\/2&#8243; row_has_options_padding=&#8221;padding&#8221; row_padding_left_val=&#8221;px&#8221; row_padding_left_visibility=&#8221;padding-left-col-xs-hidden&#8221; row_padding_right_val=&#8221;px&#8221; row_padding_right_visibility=&#8221;padding-right-col-xs-hidden&#8221; row_bg_color=&#8221;&#8221; row_padding_left=&#8221;40&#8243; row_padding_right=&#8221;40&#8243;][\/vc_column_inner][\/vc_row_inner][\/vc_column][\/vc_row][vc_row][vc_column][\/vc_column][\/vc_row][vc_row][vc_column][vc_row_inner][vc_column_inner width=&#8221;1\/2&#8243; row_bg_color=&#8221;&#8221;][\/vc_column_inner][vc_column_inner width=&#8221;1\/2&#8243; row_has_options_padding=&#8221;padding&#8221; row_padding_left_val=&#8221;px&#8221; row_padding_left_visibility=&#8221;padding-left-col-xs-hidden&#8221; row_padding_right_val=&#8221;px&#8221; row_padding_right_visibility=&#8221;padding-right-col-xs-hidden&#8221; row_bg_color=&#8221;&#8221; row_padding_left=&#8221;40&#8243; row_padding_right=&#8221;40&#8243;][\/vc_column_inner][\/vc_row_inner][\/vc_column][\/vc_row][vc_row][vc_column][\/vc_column][\/vc_row]<\/p>\n","protected":false},"author":209,"featured_media":0,"parent":0,"menu_order":135,"comment_status":"closed","ping_status":"closed","template":"","meta":{"_acf_changed":false,"footnotes":""},"class_list":["post-11033","page","type-page","status-publish","hentry"],"acf":[],"aioseo_notices":[],"_links":{"self":[{"href":"https:\/\/varimixer.com\/da\/wp-json\/wp\/v2\/pages\/11033","targetHints":{"allow":["GET"]}}],"collection":[{"href":"https:\/\/varimixer.com\/da\/wp-json\/wp\/v2\/pages"}],"about":[{"href":"https:\/\/varimixer.com\/da\/wp-json\/wp\/v2\/types\/page"}],"author":[{"embeddable":true,"href":"https:\/\/varimixer.com\/da\/wp-json\/wp\/v2\/users\/209"}],"replies":[{"embeddable":true,"href":"https:\/\/varimixer.com\/da\/wp-json\/wp\/v2\/comments?post=11033"}],"version-history":[{"count":0,"href":"https:\/\/varimixer.com\/da\/wp-json\/wp\/v2\/pages\/11033\/revisions"}],"wp:attachment":[{"href":"https:\/\/varimixer.com\/da\/wp-json\/wp\/v2\/media?parent=11033"}],"curies":[{"name":"wp","href":"https:\/\/api.w.org\/{rel}","templated":true}]}}