



{"id":11034,"date":"2022-02-09T14:58:54","date_gmt":"2022-02-09T13:58:54","guid":{"rendered":"https:\/\/varimixer.com\/?page_id=11034"},"modified":"2024-03-13T16:16:52","modified_gmt":"2024-03-13T15:16:52","slug":"de-bedste-roeremaskiner-til-bagerier-old","status":"publish","type":"page","link":"https:\/\/varimixer.com\/da\/de-bedste-roeremaskiner-til-bagerier-old\/","title":{"rendered":"De bedste r\u00f8remaskiner til bagerier"},"content":{"rendered":"<div class=\"wpb-content-wrapper\"><p>[vc_row row_section=&#8221;moduleFullwidth&#8221;][vc_column]<div class=\"moduleImage moduleAlignmentStart flex-start col-sm-12\"  style=\"\"><img decoding=\"async\" src=\"https:\/\/varimixer.com\/wp-content\/uploads\/2021\/10\/Bakeries-hero.jpg\" \/><\/div><div class=\"moduleSeparator moduleAlignmentStart flex-start col-sm-12 has-margin    \"  style=\" margin-top:15px; margin-bottom:15px;\"><hr class=\"moduleHR \" style=\"border-top:0px solid #efefef;\" align=\"center\" width=\"100%\"\/><\/div>[\/vc_column][\/vc_row][vc_row][vc_column][vc_row_inner][vc_column_inner width=&#8221;1\/2&#8243;]<div class=\"moduleEditor moduleAlignmentStart flex-start col-sm-12\"  style=\"background:transparent;\"><h2>De bedste r\u00f8remaskiner til bagerier<\/h2>\n<p>Den professionelle og h\u00f8jt ydende r\u00f8remaskine er en af de vigtigste redskaber i et bageri. Med den rigtige r\u00f8remaskine f\u00e5r du pr\u00e6cis den konsistens og den kvalitet, du \u00f8nsker i dit produkt. Derudover sparer en god r\u00f8remaskine dig for tid, som du kan bruge p\u00e5 andre opgaver.<\/p>\n<p>Varimixer har udviklet driftssikre r\u00f8remaskiner til bagerier i mere end 100 \u00e5r. Vores s\u00e5kaldte \u201dplanet r\u00f8remaskiner\u201d bygger p\u00e5 en tradition for godt h\u00e5ndv\u00e6rk og en unik id\u00e9, hvor r\u00f8rev\u00e6rkt\u00f8jerne roterer om egen akse samtidig med, at de f\u00f8res rundt i en cirkelbev\u00e6gelse i kedlen \u2013 som planeter omkring solen. Det betyder, at hele massen i kedlen bearbejdes og alle omr\u00e5der langs kedlens kant n\u00e5s.<\/p>\n<p>Vores maskiner er p\u00e5lidelige, nemme at reng\u00f8re og designet til at underst\u00f8tte en korrekt arbejdsstilling. Takket v\u00e6re det ergonomiske design kan de h\u00f8je liftvogne k\u00f8res direkte over til bagerens bord i bordh\u00f8jde, hvor de kan tippes og indholdet nemt kan tages ud.<\/p>\n<\/div><div class=\"moduleSeparator moduleAlignmentStart flex-start col-sm-12 has-margin    \"  style=\" margin-top:5px; margin-bottom:5px;\"><hr class=\"moduleHR \" style=\"border-top:0px solid #efefef;\" align=\"center\" width=\"100%\"\/><\/div><div class=\"moduleEditor moduleAlignmentStart flex-start col-sm-12\"  style=\"background:transparent;\"><h3>Robuste og fleksible<\/h3>\n<p>Moderne bagerier producerer en bred vifte af produkter \u2013 fra forskellige typer hvidt br\u00f8d, til rugbr\u00f8d, kager, kiks, muffins og t\u00e6rter. Vores r\u00f8remaskiner til bagerier giver mulighed for at blande alle typer dej, glasurer og cremer. Og med ekstra tilbeh\u00f8r kan de ogs\u00e5 bruges til at snitte gr\u00f8ntsager, hakke k\u00f8d og rive ost \u2013 det giver den innovative bager mange flere muligheder.<\/p>\n<\/div>[\/vc_column_inner][vc_column_inner width=&#8221;1\/2&#8243; row_has_options_padding=&#8221;padding&#8221; row_padding_left_val=&#8221;px&#8221; row_padding_left_visibility=&#8221;padding-left-col-xs-hidden&#8221; row_padding_right_val=&#8221;px&#8221; row_padding_right_visibility=&#8221;padding-right-col-xs-hidden&#8221; row_bg_color=&#8221;&#8221; row_padding_left=&#8221;40&#8243; row_padding_right=&#8221;40&#8243;]<div class=\"moduleSeparator moduleAlignmentStart flex-start col-sm-12 has-margin  margin-bottom-col-md-hidden margin-bottom-col-lg-hidden  \"  style=\" margin-bottom:5px;\"><hr class=\"moduleHR \" style=\"border-top:0px solid #efefef;\" align=\"center\" width=\"100%\"\/><\/div><div class=\"moduleImage moduleAlignmentStart flex-start col-sm-12 has-margin    \"  style=\"background:transparent; margin-bottom:20px;\"><img decoding=\"async\" src=\"https:\/\/varimixer.com\/wp-content\/uploads\/2021\/10\/placeholder-1.jpg\" \/><\/div><div class=\"moduleImage moduleAlignmentStart flex-start col-sm-12\"  style=\"background:transparent;\"><img decoding=\"async\" src=\"https:\/\/varimixer.com\/wp-content\/uploads\/2021\/10\/placeholder-2.jpg\" \/><\/div>[\/vc_column_inner][\/vc_row_inner][\/vc_column][\/vc_row][vc_row][vc_column]<div class=\"moduleSeparator moduleAlignmentStart flex-start col-sm-12 has-margin    \"  style=\" margin-bottom:40px;\"><hr class=\"moduleHR \" style=\"border-top:0px solid #efefef;\" align=\"center\" width=\"100%\"\/><\/div>[\/vc_column][\/vc_row][vc_row][vc_column][vc_row_inner][vc_column_inner width=&#8221;1\/2&#8243;]<div class=\"moduleImage moduleAlignmentStart flex-start col-sm-12 has-margin    \"  style=\"background:transparent; margin-bottom:10px;\"><img decoding=\"async\" src=\"https:\/\/varimixer.com\/wp-content\/uploads\/2021\/10\/La-Glace-video-placeholder2.jpg\" \/><\/div><div class=\"moduleEditor moduleAlignmentStart flex-start col-sm-12\"  style=\"background:transparent;\"><p><em>80 \u00e5rs tro tjeneste. En h\u00e5rdtarbejdende fl\u00f8deskumspisker er en af de \u00e6ldste og mest respekterede \u201dmedarbejdere\u201d p\u00e5 La Glace \u2013 en af Danmarks mest kendte konditorier. Hver dag pisker denne vintage Varimixer 100 liter fl\u00f8de til l\u00e6kker, luftig fl\u00f8deskum.\u00a0<\/em><\/p>\n<\/div>[\/vc_column_inner][vc_column_inner width=&#8221;1\/2&#8243; row_has_options_padding=&#8221;padding&#8221; row_padding_left_val=&#8221;px&#8221; row_padding_left_visibility=&#8221;padding-left-col-xs-hidden&#8221; row_padding_right_val=&#8221;px&#8221; row_padding_right_visibility=&#8221;padding-right-col-xs-hidden&#8221; row_bg_color=&#8221;&#8221; row_padding_left=&#8221;40&#8243; row_padding_right=&#8221;40&#8243;]<div class=\"moduleEditor moduleAlignmentStart flex-start col-sm-12\"  style=\"background:transparent;\"><p><iframe src=\"https:\/\/player.vimeo.com\/video\/631055701?h=d71384432b\" width=\"640\" height=\"590\" frameborder=\"0\" allowfullscreen=\"allowfullscreen\"><\/iframe><\/p>\n<\/div>[\/vc_column_inner][\/vc_row_inner][\/vc_column][\/vc_row][vc_row][vc_column]<div class=\"moduleSeparator moduleAlignmentStart flex-start col-sm-12 has-margin    \"  style=\" margin-bottom:40px;\"><hr class=\"moduleHR \" style=\"border-top:0px solid #efefef;\" align=\"center\" width=\"100%\"\/><\/div>[\/vc_column][\/vc_row][vc_row][vc_column][vc_row_inner][vc_column_inner width=&#8221;1\/2&#8243;]<div class=\"moduleEditor moduleAlignmentStart flex-start col-sm-12 has-margin    \"  style=\"background:transparent; margin-bottom:60px;\"><h3>Nem at reng\u00f8re og vedligeholde<\/h3>\n<p>Reng\u00f8ringsvenligt udstyr er den mest effektive vej til god bageri- og f\u00f8devarehygiejne. Vores hygiejniske r\u00f8remaskiner er designet til at \u00f8ge produktivitet og reducere udgifter til vedligeholdelse. Varimixer er verdens f\u00f8rste producent af r\u00f8remaskiner i reng\u00f8ringsvenlig rustfrit st\u00e5l. Alle vores r\u00f8remaskiner er designet med en reng\u00f8ringsvenlig overflade uden ydre skruer og \u00e5bninger. Selv benene er i rustfrit st\u00e5l for at undg\u00e5 rust og korrosion, som kan udg\u00f8re en potentiel sundhedsrisiko. Alle Varimixers modeller opfylder eller overg\u00e5r de anbefalede IP-standarder for kommercielle r\u00f8remaskiner.<\/p>\n<\/div><div class=\"moduleEditor moduleAlignmentStart flex-start col-sm-12\"  style=\"background:transparent;\"><h3>Sk\u00e5n dine medarbejdere for tunge l\u00f8ft<\/h3>\n<p>Professionelle r\u00f8remaskiner fra Varimixer hj\u00e6lper dig med at overholde den h\u00f8jeste standard inden for arbejdssikkerhed i dit bageri. Vores r\u00f8remaskiner er sikre at bruge og opfylder de daglige krav til at undg\u00e5 tunge l\u00f8ft. Vores KODIAK og ERGO-modeller er optimeret til en korrekt og ergonomisk arbejdsstilling.<\/p>\n<\/div>[\/vc_column_inner][vc_column_inner width=&#8221;1\/2&#8243; row_has_options_padding=&#8221;padding&#8221; row_padding_left_val=&#8221;px&#8221; row_padding_left_visibility=&#8221;padding-left-col-xs-hidden&#8221; row_padding_right_val=&#8221;px&#8221; row_padding_right_visibility=&#8221;padding-right-col-xs-hidden&#8221; row_bg_color=&#8221;&#8221; row_padding_left=&#8221;40&#8243; row_padding_right=&#8221;40&#8243;]<div class=\"moduleSeparator moduleAlignmentStart flex-start col-sm-12 has-margin  margin-bottom-col-md-hidden margin-bottom-col-lg-hidden  \"  style=\" margin-bottom:5px;\"><hr class=\"moduleHR \" style=\"border-top:0px solid #efefef;\" align=\"center\" width=\"100%\"\/><\/div><div class=\"moduleImage moduleAlignmentStart flex-start col-sm-12\"  style=\"background:transparent;\"><img decoding=\"async\" src=\"https:\/\/varimixer.com\/wp-content\/uploads\/2021\/10\/Kodiak-heavy-lifting.jpg\" \/><\/div>[\/vc_column_inner][\/vc_row_inner][\/vc_column][\/vc_row][vc_row][vc_column]<div class=\"moduleSeparator moduleAlignmentStart flex-start col-sm-12 has-margin    \"  style=\" margin-bottom:40px;\"><hr class=\"moduleHR \" style=\"border-top:0px solid #efefef;\" align=\"center\" width=\"100%\"\/><\/div>[\/vc_column][\/vc_row][vc_row][vc_column][vc_row_inner][vc_column_inner width=&#8221;1\/2&#8243; row_bg_color=&#8221;&#8221;]<div class=\"moduleEditor moduleAlignmentStart flex-start col-sm-12\"  style=\"background:transparent;\"><h3>Modeller til alle typer bagerier<\/h3>\n<p>Du kan v\u00e6lge mellem forskellige modeller og st\u00f8rrelser, som matcher st\u00f8rrelsen p\u00e5 dit bageri og de produkter, du fokuserer p\u00e5.<\/p>\n<p>Med kedelst\u00f8rrelser op til 140 liter er Varimixers <a href=\"https:\/\/varimixer.com\/da\/produkt\/ergo\/\">ERGO serie<\/a> ideel, n\u00e5r der er behov for store portioner. ERGO har et banebrydende ergonomisk design. Alt arbejde foreg\u00e5r med en rank ryg, hvor man uhindret kan skifte v\u00e6rkt\u00f8jet til den korrekte, ergonomiske arbejdsh\u00f8jde. Desuden kan kedlen udskiftes og en ny k\u00f8res ind, uden at man skal skifte r\u00f8rev\u00e6rkt\u00f8j.<\/p>\n<p>Vores <a href=\"https:\/\/varimixer.com\/da\/produkt\/ar\/\">AR serie<\/a> er velegnet til mellemstore bagerier. Vores mest popul\u00e6re modeller er AR60 og AR40, som er blevet valgt af tusindvis af bagerier siden de blev lanceret. Begge modeller findes ogs\u00e5 i en speciel pizza-variant med ekstra kraftig motor.<\/p>\n<p>Til mindre bagerier anbefaler vi <a href=\"https:\/\/varimixer.com\/da\/produkt\/kodiak\/\">KODIAK 20<\/a> som blev tildelt Kitchen Innovation Award i 2015 af The National Restaurant Association i USA. Denne r\u00f8remaskine kommer med en ergonomisk h\u00f8j kedelvogn, s\u00e5 man undg\u00e5r tunge l\u00f8ft. Kedlen bliver k\u00f8rt direkte til og fra maskinen i arbejdsh\u00f8jde.<\/p>\n<p>For mindre produktioner af glasurer og cremer anbefaler vi vores mindste model <a href=\"https:\/\/varimixer.com\/da\/produkt\/teddy\/\">TEDDY<\/a>.<\/p>\n<\/div>[\/vc_column_inner][vc_column_inner width=&#8221;1\/2&#8243; row_has_options_padding=&#8221;padding&#8221; row_padding_left_val=&#8221;px&#8221; row_padding_left_visibility=&#8221;padding-left-col-xs-hidden&#8221; row_padding_right_val=&#8221;px&#8221; row_padding_right_visibility=&#8221;padding-right-col-xs-hidden&#8221; row_bg_color=&#8221;&#8221; row_padding_left=&#8221;40&#8243; row_padding_right=&#8221;40&#8243;]<div class=\"moduleSeparator moduleAlignmentStart flex-start col-sm-12 has-margin  margin-bottom-col-md-hidden margin-bottom-col-lg-hidden  \"  style=\" margin-bottom:5px;\"><hr class=\"moduleHR \" style=\"border-top:0px solid #efefef;\" align=\"center\" width=\"100%\"\/><\/div><div class=\"moduleImage moduleAlignmentStart flex-start col-sm-12\"  style=\"background:transparent;\"><img decoding=\"async\" src=\"https:\/\/varimixer.com\/wp-content\/uploads\/2021\/10\/kodiak-20.jpg\" \/><\/div>[\/vc_column_inner][\/vc_row_inner][\/vc_column][\/vc_row][vc_row][vc_column]<div class=\"moduleSeparator moduleAlignmentStart flex-start col-sm-12 has-margin    \"  style=\" margin-bottom:40px;\"><hr class=\"moduleHR \" style=\"border-top:0px solid #efefef;\" align=\"center\" width=\"100%\"\/><\/div>[\/vc_column][\/vc_row][vc_row][vc_column][vc_row_inner][vc_column_inner width=&#8221;1\/2&#8243; row_bg_color=&#8221;&#8221;]<div class=\"moduleEditor moduleAlignmentStart flex-start col-sm-12\"  style=\"background:transparent;\"><h3>Kontakt en Varimixer bageri-specialist<\/h3>\n<p>Kontakt en af vores dygtige forhandlere for yderligere information om vores brede udvalg af r\u00f8remaskiner til bagerier.<\/p>\n<p><a href=\"\/da\/forhandlere\/\">Find en forhandler i dit omr\u00e5de.<\/a><\/p>\n<\/div>[\/vc_column_inner][vc_column_inner width=&#8221;1\/2&#8243; row_has_options_padding=&#8221;padding&#8221; row_padding_left_val=&#8221;px&#8221; row_padding_left_visibility=&#8221;padding-left-col-xs-hidden&#8221; row_padding_right_val=&#8221;px&#8221; row_padding_right_visibility=&#8221;padding-right-col-xs-hidden&#8221; row_bg_color=&#8221;&#8221; row_padding_left=&#8221;40&#8243; row_padding_right=&#8221;40&#8243;][\/vc_column_inner][\/vc_row_inner][\/vc_column][\/vc_row][vc_row][vc_column]<div class=\"moduleSeparator moduleAlignmentStart flex-start col-sm-12 has-margin    \"  style=\" margin-bottom:40px;\"><hr class=\"moduleHR \" style=\"border-top:0px solid #efefef;\" align=\"center\" width=\"100%\"\/><\/div>[\/vc_column][\/vc_row]<\/p>\n<\/div>","protected":false},"excerpt":{"rendered":"<p>[vc_row row_section=&#8221;moduleFullwidth&#8221;][vc_column][\/vc_column][\/vc_row][vc_row][vc_column][vc_row_inner][vc_column_inner width=&#8221;1\/2&#8243;][\/vc_column_inner][vc_column_inner width=&#8221;1\/2&#8243; row_has_options_padding=&#8221;padding&#8221; row_padding_left_val=&#8221;px&#8221; row_padding_left_visibility=&#8221;padding-left-col-xs-hidden&#8221; row_padding_right_val=&#8221;px&#8221; row_padding_right_visibility=&#8221;padding-right-col-xs-hidden&#8221; row_bg_color=&#8221;&#8221; row_padding_left=&#8221;40&#8243; row_padding_right=&#8221;40&#8243;][\/vc_column_inner][\/vc_row_inner][\/vc_column][\/vc_row][vc_row][vc_column][\/vc_column][\/vc_row][vc_row][vc_column][vc_row_inner][vc_column_inner width=&#8221;1\/2&#8243;][\/vc_column_inner][vc_column_inner width=&#8221;1\/2&#8243; row_has_options_padding=&#8221;padding&#8221; row_padding_left_val=&#8221;px&#8221; row_padding_left_visibility=&#8221;padding-left-col-xs-hidden&#8221; row_padding_right_val=&#8221;px&#8221; row_padding_right_visibility=&#8221;padding-right-col-xs-hidden&#8221; row_bg_color=&#8221;&#8221; row_padding_left=&#8221;40&#8243; row_padding_right=&#8221;40&#8243;][\/vc_column_inner][\/vc_row_inner][\/vc_column][\/vc_row][vc_row][vc_column][\/vc_column][\/vc_row][vc_row][vc_column][vc_row_inner][vc_column_inner width=&#8221;1\/2&#8243;][\/vc_column_inner][vc_column_inner width=&#8221;1\/2&#8243; row_has_options_padding=&#8221;padding&#8221; row_padding_left_val=&#8221;px&#8221; row_padding_left_visibility=&#8221;padding-left-col-xs-hidden&#8221; row_padding_right_val=&#8221;px&#8221; row_padding_right_visibility=&#8221;padding-right-col-xs-hidden&#8221; row_bg_color=&#8221;&#8221; row_padding_left=&#8221;40&#8243; row_padding_right=&#8221;40&#8243;][\/vc_column_inner][\/vc_row_inner][\/vc_column][\/vc_row][vc_row][vc_column][\/vc_column][\/vc_row][vc_row][vc_column][vc_row_inner][vc_column_inner width=&#8221;1\/2&#8243; row_bg_color=&#8221;&#8221;][\/vc_column_inner][vc_column_inner width=&#8221;1\/2&#8243; row_has_options_padding=&#8221;padding&#8221; row_padding_left_val=&#8221;px&#8221; row_padding_left_visibility=&#8221;padding-left-col-xs-hidden&#8221; row_padding_right_val=&#8221;px&#8221; row_padding_right_visibility=&#8221;padding-right-col-xs-hidden&#8221; row_bg_color=&#8221;&#8221; row_padding_left=&#8221;40&#8243; row_padding_right=&#8221;40&#8243;][\/vc_column_inner][\/vc_row_inner][\/vc_column][\/vc_row][vc_row][vc_column][\/vc_column][\/vc_row][vc_row][vc_column][vc_row_inner][vc_column_inner width=&#8221;1\/2&#8243; row_bg_color=&#8221;&#8221;][\/vc_column_inner][vc_column_inner width=&#8221;1\/2&#8243; row_has_options_padding=&#8221;padding&#8221; row_padding_left_val=&#8221;px&#8221; row_padding_left_visibility=&#8221;padding-left-col-xs-hidden&#8221; row_padding_right_val=&#8221;px&#8221; row_padding_right_visibility=&#8221;padding-right-col-xs-hidden&#8221; row_bg_color=&#8221;&#8221; row_padding_left=&#8221;40&#8243; row_padding_right=&#8221;40&#8243;][\/vc_column_inner][\/vc_row_inner][\/vc_column][\/vc_row][vc_row][vc_column][\/vc_column][\/vc_row]<\/p>\n","protected":false},"author":209,"featured_media":0,"parent":0,"menu_order":133,"comment_status":"closed","ping_status":"closed","template":"","meta":{"_acf_changed":false,"footnotes":""},"class_list":["post-11034","page","type-page","status-publish","hentry"],"acf":[],"aioseo_notices":[],"_links":{"self":[{"href":"https:\/\/varimixer.com\/da\/wp-json\/wp\/v2\/pages\/11034","targetHints":{"allow":["GET"]}}],"collection":[{"href":"https:\/\/varimixer.com\/da\/wp-json\/wp\/v2\/pages"}],"about":[{"href":"https:\/\/varimixer.com\/da\/wp-json\/wp\/v2\/types\/page"}],"author":[{"embeddable":true,"href":"https:\/\/varimixer.com\/da\/wp-json\/wp\/v2\/users\/209"}],"replies":[{"embeddable":true,"href":"https:\/\/varimixer.com\/da\/wp-json\/wp\/v2\/comments?post=11034"}],"version-history":[{"count":0,"href":"https:\/\/varimixer.com\/da\/wp-json\/wp\/v2\/pages\/11034\/revisions"}],"wp:attachment":[{"href":"https:\/\/varimixer.com\/da\/wp-json\/wp\/v2\/media?parent=11034"}],"curies":[{"name":"wp","href":"https:\/\/api.w.org\/{rel}","templated":true}]}}