



{"id":11036,"date":"2022-02-09T15:19:35","date_gmt":"2022-02-09T14:19:35","guid":{"rendered":"https:\/\/varimixer.com\/?page_id=11036"},"modified":"2022-06-24T09:03:53","modified_gmt":"2022-06-24T07:03:53","slug":"den-ultimative-roeremaskine-til-hjemmet","status":"publish","type":"page","link":"https:\/\/varimixer.com\/da\/den-ultimative-roeremaskine-til-hjemmet\/","title":{"rendered":"Den ultimative r\u00f8remaskine til hjemmet"},"content":{"rendered":"<div class=\"wpb-content-wrapper\"><p>[vc_row row_section=&#8221;moduleFullwidth&#8221;][vc_column]<div class=\"moduleImage moduleAlignmentStart flex-start col-sm-12\"  style=\"\"><img decoding=\"async\" src=\"https:\/\/varimixer.com\/wp-content\/uploads\/2021\/12\/Landing-page-residential-image-hero.jpg\" \/><\/div><div class=\"moduleSeparator moduleAlignmentStart flex-start col-sm-12 has-margin    \"  style=\" margin-top:15px; margin-bottom:15px;\"><hr class=\"moduleHR \" style=\"border-top:0px solid #efefef;\" align=\"center\" width=\"100%\"\/><\/div>[\/vc_column][\/vc_row][vc_row][vc_column][vc_row_inner][vc_column_inner width=&#8221;1\/2&#8243;]<div class=\"moduleEditor moduleAlignmentStart flex-start col-sm-12\"  style=\"background:transparent;\"><h2>Den ultimative r\u00f8remaskine til hjemmet<\/h2>\n<p>Varimixer Teddy er en semi-professionel r\u00f8remaskine til dig, der ikke vil g\u00e5 p\u00e5 kompromis med dit k\u00f8kkenudstyr. Med Teddy f\u00e5r du styrken og funktionaliteten fra den professionelle r\u00f8remaskine. Dog i en mindre udgave til private hjem og i gedigent dansk design.<\/p>\n<\/div><div class=\"moduleSeparator moduleAlignmentStart flex-start col-sm-12 has-margin    \"  style=\" margin-top:5px; margin-bottom:5px;\"><hr class=\"moduleHR \" style=\"border-top:0px solid #efefef;\" align=\"center\" width=\"100%\"\/><\/div><div class=\"moduleEditor moduleAlignmentStart flex-start col-sm-12\"  style=\"background:transparent;\"><h3>St\u00e6rk som en bj\u00f8rn<\/h3>\n<p>TEDDY er en unik maskine, n\u00e5r det kommer til kvalitet og styrke. Ligesom vores professionelle maskiner, er den bygget til at holde. R\u00f8remaskinen p\u00e5 5 liter klarer nemt alle typer k\u00f8kkenopgaver; om du skal piske en let fl\u00f8deskum eller \u00e6lte en sej rugbr\u00f8dsdej. TEDDY er en solid maskine, der er designet til at kunne klare mange \u00e5rs h\u00e5rdt arbejde.<\/p>\n<\/div>[\/vc_column_inner][vc_column_inner width=&#8221;1\/2&#8243; row_has_options_padding=&#8221;padding&#8221; row_padding_left_val=&#8221;px&#8221; row_padding_left_visibility=&#8221;padding-left-col-xs-hidden&#8221; row_padding_right_val=&#8221;px&#8221; row_padding_right_visibility=&#8221;padding-right-col-xs-hidden&#8221; row_bg_color=&#8221;&#8221; row_padding_left=&#8221;40&#8243; row_padding_right=&#8221;40&#8243;]<div class=\"moduleSeparator moduleAlignmentStart flex-start col-sm-12 has-margin  margin-bottom-col-md-hidden margin-bottom-col-lg-hidden  \"  style=\" margin-bottom:5px;\"><hr class=\"moduleHR \" style=\"border-top:0px solid #efefef;\" align=\"center\" width=\"100%\"\/><\/div><div class=\"moduleImage moduleAlignmentStart flex-start col-sm-12 has-margin    \"  style=\"background:transparent; margin-bottom:20px;\"><img decoding=\"async\" src=\"https:\/\/varimixer.com\/wp-content\/uploads\/2021\/12\/Landing-page-residential-image-1.jpg\" \/><\/div>[\/vc_column_inner][\/vc_row_inner][\/vc_column][\/vc_row][vc_row][vc_column]<div class=\"moduleSeparator moduleAlignmentStart flex-start col-sm-12 has-margin    \"  style=\" margin-bottom:40px;\"><hr class=\"moduleHR \" style=\"border-top:0px solid #efefef;\" align=\"center\" width=\"100%\"\/><\/div>[\/vc_column][\/vc_row][vc_row][vc_column][vc_row_inner][vc_column_inner width=&#8221;1\/2&#8243;]<div class=\"moduleEditor moduleAlignmentStart flex-start col-sm-12 hidden-md hidden-sm hidden-xs\"  style=\"background:transparent;\"><p><iframe src=\"https:\/\/player.vimeo.com\/video\/659279553?h=200adc2b1b\" width=\"640\" height=\"676\" frameborder=\"0\" allowfullscreen=\"allowfullscreen\"><\/iframe><\/p>\n<\/div><div class=\"moduleEditor moduleAlignmentStart flex-start col-sm-12 hidden-lg hidden-xs\"  style=\"background:transparent;\"><p><iframe src=\"https:\/\/player.vimeo.com\/video\/659279553?h=200adc2b1b\" width=\"640\" height=\"400\" frameborder=\"0\" allowfullscreen=\"allowfullscreen\"><\/iframe><\/p>\n<\/div><div class=\"moduleEditor moduleAlignmentStart flex-start col-sm-12 hidden-lg hidden-md hidden-sm\"  style=\"\"><p><iframe src=\"https:\/\/player.vimeo.com\/video\/659279553?h=200adc2b1b\" width=\"640\" height=\"450\" frameborder=\"0\" allowfullscreen=\"allowfullscreen\">&lt;span data-mce-type=&#8221;bookmark&#8221; style=&#8221;display: inline-block; width: 0px; overflow: hidden; line-height: 0;&#8221; class=&#8221;mce_SELRES_start&#8221;&gt;\ufeff&lt;\/span&gt;<\/iframe><\/p>\n<\/div><div class=\"moduleEditor moduleAlignmentStart flex-start col-sm-12 has-margin    \"  style=\" margin-top:15px;\"><p><em>TEDDY er en st\u00e6rk, professionel 5 liters r\u00f8remaskine til mindre, daglige opgaver i et bageri, k\u00f8kken eller laboratorie. Det er smart dansk design med fokus p\u00e5 ergonomi og hygiejne \u2013 og som oveni er meget reng\u00f8ringsvenlig.<\/em><\/p>\n<\/div>[\/vc_column_inner][vc_column_inner width=&#8221;1\/2&#8243; row_has_options_padding=&#8221;padding&#8221; row_padding_left_val=&#8221;px&#8221; row_padding_left_visibility=&#8221;padding-left-col-xs-hidden&#8221; row_padding_right_val=&#8221;px&#8221; row_padding_right_visibility=&#8221;padding-right-col-xs-hidden&#8221; row_bg_color=&#8221;&#8221; row_padding_left=&#8221;40&#8243; row_padding_right=&#8221;40&#8243;][\/vc_column_inner][\/vc_row_inner][\/vc_column][\/vc_row][vc_row][vc_column]<div class=\"moduleSeparator moduleAlignmentStart flex-start col-sm-12 has-margin    \"  style=\" margin-bottom:40px;\"><hr class=\"moduleHR \" style=\"border-top:0px solid #efefef;\" align=\"center\" width=\"100%\"\/><\/div>[\/vc_column][\/vc_row][vc_row][vc_column][vc_row_inner][vc_column_inner width=&#8221;1\/2&#8243;]<div class=\"moduleEditor moduleAlignmentStart flex-start col-sm-12\"  style=\"background:transparent;\"><h3>Stille som en mus<\/h3>\n<p>TEDDY er udstyret med en kraftig, men st\u00f8jsvag motor, der g\u00f8r madlavning til en leg. I mods\u00e6tning til mange andre sm\u00e5 r\u00f8remaskiner, kan TEDDYs specialdesignede motor mixe b\u00e5de seje og vanskelige ingredienser ved meget lav hastighed. Hastigheden kan justeres trinl\u00f8st p\u00e5 den enkle betjeningsknap, som desuden g\u00e5r hele vejen igennem maskinen, s\u00e5 TEDDY kan betjenes fra begge sider.<\/p>\n<\/div><div class=\"moduleSeparator moduleAlignmentStart flex-start col-sm-12 has-margin    \"  style=\" margin-top:5px; margin-bottom:5px;\"><hr class=\"moduleHR \" style=\"border-top:0px solid #efefef;\" align=\"center\" width=\"100%\"\/><\/div><div class=\"moduleEditor moduleAlignmentStart flex-start col-sm-12\"  style=\"background:transparent;\"><h3>Elsket af brugerne<\/h3>\n<p>TEDDY har en loyal fanskare og har modtaget <a href=\"https:\/\/www.amazon.com\/product-reviews\/B00BMG4YNU\">positiv feedback<\/a> fra b\u00e5de brugere og mad-bloggere.<\/p>\n<\/div>[\/vc_column_inner][vc_column_inner width=&#8221;1\/2&#8243; row_has_options_padding=&#8221;padding&#8221; row_padding_left_val=&#8221;px&#8221; row_padding_left_visibility=&#8221;padding-left-col-xs-hidden&#8221; row_padding_right_val=&#8221;px&#8221; row_padding_right_visibility=&#8221;padding-right-col-xs-hidden&#8221; row_bg_color=&#8221;&#8221; row_padding_left=&#8221;40&#8243; row_padding_right=&#8221;40&#8243;]<div class=\"moduleSeparator moduleAlignmentStart flex-start col-sm-12 has-margin  margin-bottom-col-md-hidden margin-bottom-col-lg-hidden  \"  style=\" margin-bottom:5px;\"><hr class=\"moduleHR \" style=\"border-top:0px solid #efefef;\" align=\"center\" width=\"100%\"\/><\/div><div class=\"moduleImage moduleAlignmentStart flex-start col-sm-12 has-margin    \"  style=\"background:transparent; margin-bottom:20px;\"><img decoding=\"async\" src=\"https:\/\/varimixer.com\/wp-content\/uploads\/2021\/12\/Landing-page-residential-image-2.jpg\" \/><\/div>[\/vc_column_inner][\/vc_row_inner][\/vc_column][\/vc_row][vc_row][vc_column]<div class=\"moduleSeparator moduleAlignmentStart flex-start col-sm-12 has-margin    \"  style=\" margin-bottom:40px;\"><hr class=\"moduleHR \" style=\"border-top:0px solid #efefef;\" align=\"center\" width=\"100%\"\/><\/div>[\/vc_column][\/vc_row][vc_row][vc_column][vc_row_inner][vc_column_inner width=&#8221;1\/2&#8243; row_bg_color=&#8221;&#8221;]<div class=\"moduleEditor moduleAlignmentStart flex-start col-sm-12\"  style=\"background:transparent;\"><h3>Kontakt en Varimixer specialist<\/h3>\n<p>Klik p\u00e5 linket og l\u00e6s mere om <a href=\"https:\/\/varimixer.com\/da\/produkt\/teddy\/\">TEDDY<\/a> eller kontakt en af vores dygtige forhandlere og f\u00e5 yderligere information. .<\/p>\n<p><a href=\"\/da\/forhandlere\/\">Find en forhandler i dit omr\u00e5de.<\/a><\/p>\n<\/div>[\/vc_column_inner][vc_column_inner width=&#8221;1\/2&#8243; row_has_options_padding=&#8221;padding&#8221; row_padding_left_val=&#8221;px&#8221; row_padding_left_visibility=&#8221;padding-left-col-xs-hidden&#8221; row_padding_right_val=&#8221;px&#8221; row_padding_right_visibility=&#8221;padding-right-col-xs-hidden&#8221; row_bg_color=&#8221;&#8221; row_padding_left=&#8221;40&#8243; row_padding_right=&#8221;40&#8243;][\/vc_column_inner][\/vc_row_inner][\/vc_column][\/vc_row][vc_row][vc_column]<div class=\"moduleSeparator moduleAlignmentStart flex-start col-sm-12 has-margin    \"  style=\" margin-bottom:40px;\"><hr class=\"moduleHR \" style=\"border-top:0px solid #efefef;\" align=\"center\" width=\"100%\"\/><\/div>[\/vc_column][\/vc_row]<\/p>\n<\/div>","protected":false},"excerpt":{"rendered":"<p>[vc_row row_section=&#8221;moduleFullwidth&#8221;][vc_column][\/vc_column][\/vc_row][vc_row][vc_column][vc_row_inner][vc_column_inner width=&#8221;1\/2&#8243;][\/vc_column_inner][vc_column_inner width=&#8221;1\/2&#8243; row_has_options_padding=&#8221;padding&#8221; row_padding_left_val=&#8221;px&#8221; row_padding_left_visibility=&#8221;padding-left-col-xs-hidden&#8221; row_padding_right_val=&#8221;px&#8221; row_padding_right_visibility=&#8221;padding-right-col-xs-hidden&#8221; row_bg_color=&#8221;&#8221; row_padding_left=&#8221;40&#8243; row_padding_right=&#8221;40&#8243;][\/vc_column_inner][\/vc_row_inner][\/vc_column][\/vc_row][vc_row][vc_column][\/vc_column][\/vc_row][vc_row][vc_column][vc_row_inner][vc_column_inner width=&#8221;1\/2&#8243;][\/vc_column_inner][vc_column_inner width=&#8221;1\/2&#8243; row_has_options_padding=&#8221;padding&#8221; row_padding_left_val=&#8221;px&#8221; row_padding_left_visibility=&#8221;padding-left-col-xs-hidden&#8221; row_padding_right_val=&#8221;px&#8221; row_padding_right_visibility=&#8221;padding-right-col-xs-hidden&#8221; row_bg_color=&#8221;&#8221; row_padding_left=&#8221;40&#8243; row_padding_right=&#8221;40&#8243;][\/vc_column_inner][\/vc_row_inner][\/vc_column][\/vc_row][vc_row][vc_column][\/vc_column][\/vc_row][vc_row][vc_column][vc_row_inner][vc_column_inner width=&#8221;1\/2&#8243;][\/vc_column_inner][vc_column_inner width=&#8221;1\/2&#8243; row_has_options_padding=&#8221;padding&#8221; row_padding_left_val=&#8221;px&#8221; row_padding_left_visibility=&#8221;padding-left-col-xs-hidden&#8221; row_padding_right_val=&#8221;px&#8221; row_padding_right_visibility=&#8221;padding-right-col-xs-hidden&#8221; row_bg_color=&#8221;&#8221; row_padding_left=&#8221;40&#8243; row_padding_right=&#8221;40&#8243;][\/vc_column_inner][\/vc_row_inner][\/vc_column][\/vc_row][vc_row][vc_column][\/vc_column][\/vc_row][vc_row][vc_column][vc_row_inner][vc_column_inner width=&#8221;1\/2&#8243; row_bg_color=&#8221;&#8221;][\/vc_column_inner][vc_column_inner width=&#8221;1\/2&#8243; row_has_options_padding=&#8221;padding&#8221; row_padding_left_val=&#8221;px&#8221; row_padding_left_visibility=&#8221;padding-left-col-xs-hidden&#8221; row_padding_right_val=&#8221;px&#8221; row_padding_right_visibility=&#8221;padding-right-col-xs-hidden&#8221; row_bg_color=&#8221;&#8221; row_padding_left=&#8221;40&#8243; row_padding_right=&#8221;40&#8243;][\/vc_column_inner][\/vc_row_inner][\/vc_column][\/vc_row][vc_row][vc_column][\/vc_column][\/vc_row]<\/p>\n","protected":false},"author":209,"featured_media":0,"parent":0,"menu_order":134,"comment_status":"closed","ping_status":"closed","template":"","meta":{"_acf_changed":false,"footnotes":""},"class_list":["post-11036","page","type-page","status-publish","hentry"],"acf":[],"aioseo_notices":[],"_links":{"self":[{"href":"https:\/\/varimixer.com\/da\/wp-json\/wp\/v2\/pages\/11036","targetHints":{"allow":["GET"]}}],"collection":[{"href":"https:\/\/varimixer.com\/da\/wp-json\/wp\/v2\/pages"}],"about":[{"href":"https:\/\/varimixer.com\/da\/wp-json\/wp\/v2\/types\/page"}],"author":[{"embeddable":true,"href":"https:\/\/varimixer.com\/da\/wp-json\/wp\/v2\/users\/209"}],"replies":[{"embeddable":true,"href":"https:\/\/varimixer.com\/da\/wp-json\/wp\/v2\/comments?post=11036"}],"version-history":[{"count":0,"href":"https:\/\/varimixer.com\/da\/wp-json\/wp\/v2\/pages\/11036\/revisions"}],"wp:attachment":[{"href":"https:\/\/varimixer.com\/da\/wp-json\/wp\/v2\/media?parent=11036"}],"curies":[{"name":"wp","href":"https:\/\/api.w.org\/{rel}","templated":true}]}}