



{"id":12848,"date":"2023-02-01T12:04:14","date_gmt":"2023-02-01T11:04:14","guid":{"rendered":"https:\/\/varimixer.com\/?page_id=12848"},"modified":"2025-12-18T14:13:58","modified_gmt":"2025-12-18T13:13:58","slug":"udstillinger","status":"publish","type":"page","link":"https:\/\/varimixer.com\/da\/udstillinger\/","title":{"rendered":"Udstillinger"},"content":{"rendered":"<div class=\"wpb-content-wrapper\"><p>[vc_row row_align=&#8221;moduleAlignmentStretch&#8221; row_type=&#8221;moduleImage&#8221; row_bg_image_opacity=&#8221;1&#8243; row_bg_color=&#8221;#000000&#8243; offset=&#8221;vc_col-xs-12&#8243; row_bg_image=&#8221;137&#8243;][vc_column row_align=&#8221;moduleAlignmentStretch&#8221; row_bg_color=&#8221;&#8221; offset=&#8221;vc_col-xs-12&#8243;][vc_row_inner row_align=&#8221;moduleAlignmentStretch&#8221;][vc_column_inner width=&#8221;5\/6&#8243; row_has_options_padding=&#8221;padding&#8221; row_padding_top_val=&#8221;px&#8221; row_padding_bottom_val=&#8221;px&#8221; row_bg_color=&#8221;&#8221; offset=&#8221;vc_col-sm-offset-1 vc_col-xs-offset-1 vc_col-xs-10&#8243; row_padding_top=&#8221;260&#8243; row_padding_bottom=&#8221;160&#8243;]<div class=\"moduleEditor moduleAlignmentStart flex-start col-sm-12 col-xs-12\"  style=\"\"><h1 class=\"p1 color-white padding-left-8 margin-bottom-0\"><span class=\"s1\">Udstillinger<\/span><\/h1>\n<h4 class=\"p1 color-white borderTop borderWhite\"><span class=\"s1\">En Varimixer skal opleves i virkeligheden. Den helt enkle betjening skal pr\u00f8ves, og kvaliteten skal m\u00e6rkes. Derfor pr\u00e6senterer vi i samarbejde med vores udvalgte og specialuddannede forhandlere Varimixer p\u00e5 rigtig mange messer over hele verden. Se oversigten her.<\/span><\/h4>\n<\/div>[\/vc_column_inner][\/vc_row_inner]<div class=\"moduleScrollDown moduleAlignmentEnd moduleJustifyCenter col-sm-12 col-xs-12 has-padding    \"  style=\" padding-top:30px; padding-bottom:30px;\"><div class=\"scrollDownArrow\"><svg><use xlink:href=\"#shapeArrow\"><\/use><\/svg><\/div><\/div>[\/vc_column][\/vc_row][vc_row row_type=&#8221;moduleColor&#8221; row_bg_color=&#8221;#ffffff&#8221; offset=&#8221;vc_col-xs-12&#8243;][vc_column width=&#8221;5\/6&#8243; row_has_options_padding=&#8221;padding&#8221; row_padding_top_val=&#8221;px&#8221; row_padding_bottom_val=&#8221;px&#8221; row_bg_color=&#8221;&#8221; row_padding_top=&#8221;140&#8243; row_padding_bottom=&#8221;140&#8243; offset=&#8221;vc_col-sm-offset-1 vc_col-xs-offset-1 vc_col-xs-10&#8243;][vc_row_inner][vc_column_inner row_has_options_padding=&#8221;padding&#8221; row_padding_right_val=&#8221;px&#8221; row_padding_right_visibility=&#8221;padding-right-col-xs-hidden&#8221; row_bg_color=&#8221;&#8221; row_padding_right=&#8221;30&#8243; offset=&#8221;vc_col-xs-12&#8243;]<div class=\"moduleEditor moduleAlignmentStart flex-start col-sm-12 col-xs-12\"  style=\"\"><h4><span style=\"font-weight: 400;\">Sigep 2026<\/span><\/h4>\n<h4><span style=\"font-weight: 400;\">Rimini , Italy<\/span><\/h4>\n<p><span style=\"font-weight: 400;\">16. &#8211; 20. January 2026<\/span><br \/>\n<a href=\"https:\/\/www.sigep.it\/it\"><br \/>\n<span style=\"font-weight: 400;\">https:\/\/www.sigep.it\/it<\/span><br \/>\n<\/a><br \/>\n<span style=\"font-weight: 400;\">UDSTILLER: Firex<\/span><\/p>\n<hr \/>\n<h4><span style=\"font-weight: 400;\">EUROPAIN PARIS<\/span><\/h4>\n<h4><span style=\"font-weight: 400;\">Paris, France<\/span><\/h4>\n<p><span style=\"font-weight: 400;\">18. &#8211; 21. January 2026<\/span><br \/>\n<a href=\"https:\/\/www.sirha-bakeandsnack.com\/fr\"><br \/>\n<span style=\"font-weight: 400;\">https:\/\/www.sirha-bakeandsnack.com\/fr<\/span><br \/>\n<\/a><br \/>\n<span style=\"font-weight: 400;\">UDSTILLER: Amplus<\/span><\/p>\n<hr \/>\n<h4><span style=\"font-weight: 400;\">Fastfood &amp; cafe &amp; Restaurant Expo 2026<\/span><\/h4>\n<h4><span style=\"font-weight: 400;\">Stockholm, Sweden<\/span><\/h4>\n<p><span style=\"font-weight: 400;\">28. &#8211; 29. January 2026<\/span><br \/>\n<a href=\"https:\/\/www.ffcr-stockholm.com\/en\/\"><br \/>\n<span style=\"font-weight: 400;\">https:\/\/www.ffcr-stockholm.com\/en\/<\/span><br \/>\n<\/a><br \/>\n<span style=\"font-weight: 400;\">UDSTILLER: Varimixer<\/span><\/p>\n<hr \/>\n<h4><span style=\"font-weight: 400;\">Intergastra<\/span><\/h4>\n<h4><span style=\"font-weight: 400;\">Stuttgart, Germany<\/span><\/h4>\n<p><span style=\"font-weight: 400;\">7. &#8211; 11. February 2026<\/span><br \/>\n<a href=\"https:\/\/www.messe-stuttgart.de\/intergastra\/\"><br \/>\n<span style=\"font-weight: 400;\">https:\/\/www.messe-stuttgart.de\/intergastra\/<\/span><br \/>\n<\/a><br \/>\n<span style=\"font-weight: 400;\">UDSTILLER: Alexandersolia GmbH<\/span><\/p>\n<hr \/>\n<h4><span style=\"font-weight: 400;\">EXPO SWEET<\/span><\/h4>\n<h4><span style=\"font-weight: 400;\">Warsaw, Poland<\/span><\/h4>\n<p><span style=\"font-weight: 400;\">22. &#8211; 25. February 2026<\/span><br \/>\n<a href=\"https:\/\/www.exposweet.pl\/\"><br \/>\n<span style=\"font-weight: 400;\">https:\/\/www.exposweet.pl\/<\/span><br \/>\n<\/a><br \/>\n<span style=\"font-weight: 400;\">UDSTILLER: Hert<\/span><\/p>\n<hr \/>\n<h4><span style=\"font-weight: 400;\">CFIA RENNES<\/span><\/h4>\n<h4><span style=\"font-weight: 400;\">Rennes, France<\/span><\/h4>\n<p><span style=\"font-weight: 400;\">10. &#8211; 12. March 2026<\/span><br \/>\n<a href=\"https:\/\/rennes.cfiaexpo.com\/fr\"><br \/>\n<span style=\"font-weight: 400;\">https:\/\/rennes.cfiaexpo.com\/fr<\/span><br \/>\n<\/a><br \/>\n<span style=\"font-weight: 400;\">UDSTILLER: Amplus<\/span><\/p>\n<hr \/>\n<h4><span style=\"font-weight: 400;\">Sirha Budapest<\/span><\/h4>\n<h4><span style=\"font-weight: 400;\">Budapest, Hungary<\/span><\/h4>\n<p><span style=\"font-weight: 400;\">3. &#8211; 5. March 2026<\/span><br \/>\n<a href=\"https:\/\/sirha-budapest.com\/\"><br \/>\n<span style=\"font-weight: 400;\">https:\/\/sirha-budapest.com\/<\/span><br \/>\n<\/a><br \/>\n<span style=\"font-weight: 400;\">UDSTILLER: Kogep Kereskedelmi Kft<\/span><\/p>\n<hr \/>\n<h4><span style=\"font-weight: 400;\">Internorga<\/span><\/h4>\n<h4><span style=\"font-weight: 400;\">Hamburg, Germany<\/span><\/h4>\n<p><span style=\"font-weight: 400;\">13. &#8211; 17. March 2026<\/span><br \/>\n<a href=\"https:\/\/www.internorga.com\/\"><br \/>\n<span style=\"font-weight: 400;\">https:\/\/www.internorga.com\/<\/span><br \/>\n<\/a><br \/>\n<span style=\"font-weight: 400;\">UDSTILLER: Alexandersolia GmbH<\/span><\/p>\n<hr \/>\n<h4><span style=\"font-weight: 400;\">Foodexpo<\/span><\/h4>\n<h4><span style=\"font-weight: 400;\">Herning, Denmark<\/span><\/h4>\n<p><span style=\"font-weight: 400;\">22. &#8211; 24. March 2026<\/span><br \/>\n<a href=\"https:\/\/www.foodexpo.dk\/\"><br \/>\n<span style=\"font-weight: 400;\">https:\/\/www.foodexpo.dk\/<\/span><br \/>\n<\/a><br \/>\n<span style=\"font-weight: 400;\">UDSTILLER: Varimixer<\/span><\/p>\n<hr \/>\n<h4><span style=\"font-weight: 400;\">HOME FAIR HERT<\/span><\/h4>\n<h4><span style=\"font-weight: 400;\">Warsaw, Poland<\/span><\/h4>\n<p><span style=\"font-weight: 400;\">15. &#8211; 16. April 2026<\/span><br \/>\n<a href=\"https:\/\/www.hert.pl\"><br \/>\n<span style=\"font-weight: 400;\">https:\/\/www.hert.pl<\/span><br \/>\n<\/a><br \/>\n<span style=\"font-weight: 400;\">UDSTILLER: Hert<\/span><\/p>\n<hr \/>\n<h4><span style=\"font-weight: 400;\">Riga Food 2026<\/span><\/h4>\n<h4><span style=\"font-weight: 400;\">Riga, Latvia<\/span><\/h4>\n<p><span style=\"font-weight: 400;\">10. &#8211; 12. September 2026<\/span><br \/>\n<a href=\"https:\/\/www.bt1.lv\/rigafood\/eng\/\"><br \/>\n<span style=\"font-weight: 400;\">https:\/\/www.bt1.lv\/rigafood\/eng\/<\/span><br \/>\n<\/a><br \/>\n<span style=\"font-weight: 400;\">UDSTILLER: Sveba-dahlen Baltic<\/span><\/p>\n<hr \/>\n<h4><span style=\"font-weight: 400;\">POLAGRA FOOD<\/span><\/h4>\n<h4><span style=\"font-weight: 400;\">Poznan, Poland<\/span><\/h4>\n<p><span style=\"font-weight: 400;\">23. &#8211; 25. September 2026<\/span><br \/>\n<a href=\"https:\/\/polagra.pl\/pl\/\"><br \/>\n<span style=\"font-weight: 400;\">https:\/\/polagra.pl\/pl\/<\/span><br \/>\n<\/a><br \/>\n<span style=\"font-weight: 400;\">UDSTILLER: Hert<\/span><\/p>\n<hr \/>\n<h4><span style=\"font-weight: 400;\">S\u00fcdback<\/span><\/h4>\n<h4><span style=\"font-weight: 400;\">Stuttgart, Germany<\/span><\/h4>\n<p><span style=\"font-weight: 400;\">24. &#8211; 27. October 2026<\/span><br \/>\n<a href=\"https:\/\/www.messe-stuttgart.de\/suedback\/\"><br \/>\n<span style=\"font-weight: 400;\">https:\/\/www.messe-stuttgart.de\/suedback\/<\/span><br \/>\n<\/a><br \/>\n<span style=\"font-weight: 400;\">UDSTILLER: M\u00fchlhausen<\/span><\/p>\n<hr \/>\n<h4><span style=\"font-weight: 400;\">GULF HOST 2026<\/span><\/h4>\n<h4><span style=\"font-weight: 400;\">Dubai, United Arab Emirates<\/span><\/h4>\n<p><span style=\"font-weight: 400;\">3. &#8211; 5. November 2026<\/span><br \/>\n<a href=\"https:\/\/www.dwtc.com\/en\/events\/\"><br \/>\n<span style=\"font-weight: 400;\">https:\/\/www.dwtc.com\/en\/events\/<\/span><br \/>\n<\/a><br \/>\n<span style=\"font-weight: 400;\">UDSTILLER: MIDDLEBY MIDDLE EAST<\/span><\/p>\n<hr \/>\n<h4><span style=\"font-weight: 400;\">Alles f\u00fcr den Gast<\/span><\/h4>\n<h4><span style=\"font-weight: 400;\">Salzburg, Austria<\/span><\/h4>\n<p><span style=\"font-weight: 400;\">7. &#8211; 10. November 2026<\/span><br \/>\n<a href=\"https:\/\/www.gastmesse.at\/\"><br \/>\n<span style=\"font-weight: 400;\">https:\/\/www.gastmesse.at\/<\/span><br \/>\n<\/a><br \/>\n<span style=\"font-weight: 400;\">UDSTILLER: Rotor K\u00fcchenmaschinen GmbH<\/span><\/p>\n<hr \/>\n<h4><span style=\"font-weight: 400;\">Alles f\u00c3\u00bcr den Gast<\/span><\/h4>\n<h4><span style=\"font-weight: 400;\">Salzburg, Austria<\/span><\/h4>\n<p><span style=\"font-weight: 400;\">7. &#8211; 10. November 2026<\/span><br \/>\n<a href=\"https:\/\/www.gastmesse.at\/\"><br \/>\n<span style=\"font-weight: 400;\">https:\/\/www.gastmesse.at\/<\/span><br \/>\n<\/a><br \/>\n<span style=\"font-weight: 400;\">UDSTILLER: Alexandersolia GmbH<\/span><\/p>\n<hr \/>\n<\/div>[\/vc_column_inner][\/vc_row_inner][\/vc_column][\/vc_row]<\/p>\n<\/div>","protected":false},"excerpt":{"rendered":"<p>[vc_row row_align=&#8221;moduleAlignmentStretch&#8221; row_type=&#8221;moduleImage&#8221; row_bg_image_opacity=&#8221;1&#8243; row_bg_color=&#8221;#000000&#8243; offset=&#8221;vc_col-xs-12&#8243; row_bg_image=&#8221;137&#8243;][vc_column row_align=&#8221;moduleAlignmentStretch&#8221; row_bg_color=&#8221;&#8221; offset=&#8221;vc_col-xs-12&#8243;][vc_row_inner row_align=&#8221;moduleAlignmentStretch&#8221;][vc_column_inner width=&#8221;5\/6&#8243; row_has_options_padding=&#8221;padding&#8221; row_padding_top_val=&#8221;px&#8221; row_padding_bottom_val=&#8221;px&#8221; row_bg_color=&#8221;&#8221; offset=&#8221;vc_col-sm-offset-1 vc_col-xs-offset-1 vc_col-xs-10&#8243; row_padding_top=&#8221;260&#8243; row_padding_bottom=&#8221;160&#8243;][\/vc_column_inner][\/vc_row_inner][\/vc_column][\/vc_row][vc_row row_type=&#8221;moduleColor&#8221; row_bg_color=&#8221;#ffffff&#8221; offset=&#8221;vc_col-xs-12&#8243;][vc_column width=&#8221;5\/6&#8243; row_has_options_padding=&#8221;padding&#8221; row_padding_top_val=&#8221;px&#8221; row_padding_bottom_val=&#8221;px&#8221; row_bg_color=&#8221;&#8221; row_padding_top=&#8221;140&#8243; row_padding_bottom=&#8221;140&#8243; offset=&#8221;vc_col-sm-offset-1 vc_col-xs-offset-1 vc_col-xs-10&#8243;][vc_row_inner][vc_column_inner row_has_options_padding=&#8221;padding&#8221; row_padding_right_val=&#8221;px&#8221; row_padding_right_visibility=&#8221;padding-right-col-xs-hidden&#8221; row_bg_color=&#8221;&#8221; row_padding_right=&#8221;30&#8243; offset=&#8221;vc_col-xs-12&#8243;][\/vc_column_inner][\/vc_row_inner][\/vc_column][\/vc_row]<\/p>\n","protected":false},"author":388,"featured_media":0,"parent":0,"menu_order":68,"comment_status":"closed","ping_status":"closed","template":"","meta":{"_acf_changed":false,"footnotes":""},"class_list":["post-12848","page","type-page","status-publish","hentry"],"acf":[],"aioseo_notices":[],"_links":{"self":[{"href":"https:\/\/varimixer.com\/da\/wp-json\/wp\/v2\/pages\/12848","targetHints":{"allow":["GET"]}}],"collection":[{"href":"https:\/\/varimixer.com\/da\/wp-json\/wp\/v2\/pages"}],"about":[{"href":"https:\/\/varimixer.com\/da\/wp-json\/wp\/v2\/types\/page"}],"author":[{"embeddable":true,"href":"https:\/\/varimixer.com\/da\/wp-json\/wp\/v2\/users\/388"}],"replies":[{"embeddable":true,"href":"https:\/\/varimixer.com\/da\/wp-json\/wp\/v2\/comments?post=12848"}],"version-history":[{"count":2,"href":"https:\/\/varimixer.com\/da\/wp-json\/wp\/v2\/pages\/12848\/revisions"}],"predecessor-version":[{"id":18985,"href":"https:\/\/varimixer.com\/da\/wp-json\/wp\/v2\/pages\/12848\/revisions\/18985"}],"wp:attachment":[{"href":"https:\/\/varimixer.com\/da\/wp-json\/wp\/v2\/media?parent=12848"}],"curies":[{"name":"wp","href":"https:\/\/api.w.org\/{rel}","templated":true}]}}