



{"id":71,"date":"2017-09-18T13:22:16","date_gmt":"2017-09-18T11:22:16","guid":{"rendered":"https:\/\/varimixer.com\/?page_id=71"},"modified":"2024-02-14T14:53:07","modified_gmt":"2024-02-14T13:53:07","slug":"produkter-old","status":"publish","type":"page","link":"https:\/\/varimixer.com\/da\/produkter-old\/","title":{"rendered":"Produkter-old"},"content":{"rendered":"<div class=\"wpb-content-wrapper\"><p>[vc_row row_align=&#8221;moduleAlignmentStretch&#8221; row_type=&#8221;moduleImage&#8221; row_bg_image_opacity=&#8221;1&#8243; row_bg_color=&#8221;#000000&#8243; offset=&#8221;vc_col-xs-12&#8243; row_bg_image=&#8221;137&#8243;][vc_column row_align=&#8221;moduleAlignmentStretch&#8221; row_bg_color=&#8221;&#8221; offset=&#8221;vc_col-xs-12&#8243;][vc_row_inner row_align=&#8221;moduleAlignmentStretch&#8221;][vc_column_inner width=&#8221;5\/6&#8243; row_has_options_padding=&#8221;padding&#8221; row_padding_top_val=&#8221;px&#8221; row_padding_bottom_val=&#8221;px&#8221; row_bg_color=&#8221;&#8221; offset=&#8221;vc_col-sm-offset-1 vc_col-xs-offset-1 vc_col-xs-10&#8243; row_padding_top=&#8221;260&#8243; row_padding_bottom=&#8221;160&#8243;]<div class=\"moduleEditor moduleAlignmentStart flex-start col-sm-12 col-xs-12\"  style=\"\"><h1 class=\"p1 color-white padding-left-8 margin-bottom-0\"><span class=\"s1\">Produkter<\/span><\/h1>\n<h3 class=\"p1 color-white borderTop borderWhite\"><span class=\"s1\">Varimixer er r\u00f8remaskiner, der bygger p\u00e5 tradition for produktudvikling baseret p\u00e5 et indg\u00e5ende kendskab til brugernes behov og dagligdag og brugerdrevet innovation p\u00e5 forkant med fremtiden. Resultatet er professionelle r\u00f8remaskiner, der tager ansvar for ergonomi, hygiejne og nem reng\u00f8ring. <\/span><\/h3>\n<\/div>[\/vc_column_inner][\/vc_row_inner]<div class=\"moduleScrollDown moduleAlignmentEnd moduleJustifyCenter col-sm-12 col-xs-12 has-padding    \"  style=\" padding-top:30px; padding-bottom:30px;\"><div class=\"scrollDownArrow\"><svg><use xlink:href=\"#shapeArrow\"><\/use><\/svg><\/div><\/div>[\/vc_column][\/vc_row][vc_row row_section=&#8221;moduleFullwidth&#8221; offset=&#8221;vc_col-xs-12&#8243;][vc_column row_bg_color=&#8221;&#8221; offset=&#8221;vc_col-xs-12&#8243;]<div class=\"ColumnsOne moduleAlignmentStart flex-start col-sm-12 col-xs-12 postContainer productView products facetwp-template \"  style=\"\"><div id=\"13285-ergo\" class=\"moduleProductItem productItem whiteProductBg\" data-gap=\"0\" data-gap-val=\"px\"><a href=\"https:\/\/varimixer.com\/da\/produkt\/ergo\/\"><div class=\"moduleProductItemImage col-md-12 col-sm-12 col-xs-12\"><picture><!--[if IE 9]><video style=\"display: none;\"><![endif]-->  <source srcset=\"\" media=\"(max-width: 991px)\">  <!--[if IE 9]><\/video><![endif]-->  <img srcset=\"\" \/><\/picture><div class=\"moduleProductItemImageBg\" style=\"background:url(https:\/\/varimixer.com\/wp-content\/uploads\/2023\/04\/products_ergo_white_background.jpg);\"><\/div><\/div><div class=\"container moduleProductItemContent\"><div class=\" col-md-6 col-md-offset-1 col-sm-12 col-sm-offset-0 col-xs-12\"><h2 class=\"moduleProductItemContentTitle padding-left-8\">ERGO<\/h2><p class=\"moduleProductItemContentSubTitle\">Med Varimixer ERGO p\u00e5 60, 100 og 140 liter er det ikke n\u00f8dvendigt at afmontere de store r\u00f8remaskiners r\u00f8rev\u00e6rkt\u00f8jer, n\u00e5r kedlen s\u00e6nkes, fjernes og erstattes af n\u00e6ste portion. Processen styres fra det skr\u00e5tstillede, ergonomisk udformede display \u2013 uden tunge l\u00f8ft og besv\u00e6rlige arbejdsstillinger. En proces, der sparer tid og penge og \u00f8ger produktiviteten.<\/p><p class=\"moduleProductItemContentLink\">L\u00e6s mere<\/p><\/div><\/div><\/a><div class=\"scrollDownArrowProduct\"><svg><use xlink:href=\"#shapeArrow\"><\/use><\/svg><\/div><\/div><div id=\"97-specials\" class=\"moduleProductItem productItem greyProductBg\" data-gap=\"0\" data-gap-val=\"px\"><a href=\"https:\/\/varimixer.com\/da\/produkt\/specials\/\"><div class=\"moduleProductItemImage col-md-12 col-sm-12 col-xs-12\"><picture><!--[if IE 9]><video style=\"display: none;\"><![endif]-->  <source srcset=\"https:\/\/varimixer.com\/wp-content\/uploads\/2021\/06\/Products_special-center-2021.jpg\" media=\"(max-width: 991px)\">  <!--[if IE 9]><\/video><![endif]-->  <img srcset=\"https:\/\/varimixer.com\/wp-content\/uploads\/2021\/06\/Products_special-center-2021.jpg\" \/><\/picture><div class=\"moduleProductItemImageBg\" style=\"background:url(https:\/\/varimixer.com\/wp-content\/uploads\/2021\/06\/Products_Special_GraaBaggrund-2021.jpg);\"><\/div><\/div><div class=\"container moduleProductItemContent\"><div class=\" col-md-6 col-md-offset-1 col-sm-12 col-sm-offset-0 col-xs-12\"><h2 class=\"moduleProductItemContentTitle padding-left-8\">Specials<\/h2><p class=\"moduleProductItemContentSubTitle\">Den h\u00e5ndbyggede og fleksible produktion af Varimixer g\u00f8r det muligt at opfylde s\u00e6rlige \u00f8nsker og behov. Det g\u00e6lder bl.a. udvikling og produktion af r\u00f8remaskiner, der opfylder betingelserne for anvendelse til s\u00f8s, og det g\u00e6lder skrappe og s\u00e6rlige krav til hygiejne og reng\u00f8ring.<\/p><p class=\"moduleProductItemContentLink\">L\u00e6s mere<\/p><\/div><\/div><\/a><div class=\"scrollDownArrowProduct\"><svg><use xlink:href=\"#shapeArrow\"><\/use><\/svg><\/div><\/div><\/div>[\/vc_column][\/vc_row]<\/p>\n<\/div>","protected":false},"excerpt":{"rendered":"<p>[vc_row row_align=&#8221;moduleAlignmentStretch&#8221; row_type=&#8221;moduleImage&#8221; row_bg_image_opacity=&#8221;1&#8243; row_bg_color=&#8221;#000000&#8243; offset=&#8221;vc_col-xs-12&#8243; row_bg_image=&#8221;137&#8243;][vc_column row_align=&#8221;moduleAlignmentStretch&#8221; row_bg_color=&#8221;&#8221; offset=&#8221;vc_col-xs-12&#8243;][vc_row_inner row_align=&#8221;moduleAlignmentStretch&#8221;][vc_column_inner width=&#8221;5\/6&#8243; row_has_options_padding=&#8221;padding&#8221; row_padding_top_val=&#8221;px&#8221; row_padding_bottom_val=&#8221;px&#8221; row_bg_color=&#8221;&#8221; offset=&#8221;vc_col-sm-offset-1 vc_col-xs-offset-1 vc_col-xs-10&#8243; row_padding_top=&#8221;260&#8243; row_padding_bottom=&#8221;160&#8243;][\/vc_column_inner][\/vc_row_inner][\/vc_column][\/vc_row][vc_row row_section=&#8221;moduleFullwidth&#8221; offset=&#8221;vc_col-xs-12&#8243;][vc_column row_bg_color=&#8221;&#8221; offset=&#8221;vc_col-xs-12&#8243;][\/vc_column][\/vc_row]<\/p>\n","protected":false},"author":1,"featured_media":0,"parent":0,"menu_order":108,"comment_status":"closed","ping_status":"closed","template":"","meta":{"_acf_changed":false,"footnotes":""},"class_list":["post-71","page","type-page","status-publish","hentry"],"acf":[],"aioseo_notices":[],"_links":{"self":[{"href":"https:\/\/varimixer.com\/da\/wp-json\/wp\/v2\/pages\/71","targetHints":{"allow":["GET"]}}],"collection":[{"href":"https:\/\/varimixer.com\/da\/wp-json\/wp\/v2\/pages"}],"about":[{"href":"https:\/\/varimixer.com\/da\/wp-json\/wp\/v2\/types\/page"}],"author":[{"embeddable":true,"href":"https:\/\/varimixer.com\/da\/wp-json\/wp\/v2\/users\/1"}],"replies":[{"embeddable":true,"href":"https:\/\/varimixer.com\/da\/wp-json\/wp\/v2\/comments?post=71"}],"version-history":[{"count":0,"href":"https:\/\/varimixer.com\/da\/wp-json\/wp\/v2\/pages\/71\/revisions"}],"wp:attachment":[{"href":"https:\/\/varimixer.com\/da\/wp-json\/wp\/v2\/media?parent=71"}],"curies":[{"name":"wp","href":"https:\/\/api.w.org\/{rel}","templated":true}]}}