



{"id":73,"date":"2017-09-18T13:22:37","date_gmt":"2017-09-18T11:22:37","guid":{"rendered":"https:\/\/varimixer.com\/?page_id=73"},"modified":"2024-03-13T12:16:12","modified_gmt":"2024-03-13T11:16:12","slug":"om-os-2","status":"publish","type":"page","link":"https:\/\/varimixer.com\/da\/om-os-2\/","title":{"rendered":"Om os"},"content":{"rendered":"<div class=\"wpb-content-wrapper\"><p>[vc_row row_align=&#8221;moduleAlignmentStretch&#8221; row_type=&#8221;moduleImage&#8221; row_bg_image_opacity=&#8221;1&#8243; row_bg_color=&#8221;#000000&#8243; row_bg_image=&#8221;126&#8243; offset=&#8221;vc_col-xs-12&#8243;][vc_column row_align=&#8221;moduleAlignmentStretch&#8221; row_bg_color=&#8221;&#8221; offset=&#8221;vc_col-xs-12&#8243;][vc_row_inner row_align=&#8221;moduleAlignmentStretch&#8221;][vc_column_inner width=&#8221;5\/6&#8243; row_has_options_padding=&#8221;padding&#8221; row_padding_top_val=&#8221;px&#8221; row_padding_bottom_val=&#8221;px&#8221; row_bg_color=&#8221;&#8221; offset=&#8221;vc_col-sm-offset-1 vc_col-xs-offset-1 vc_col-xs-10&#8243; row_padding_top=&#8221;260&#8243; row_padding_bottom=&#8221;160&#8243;]<div class=\"moduleEditor moduleAlignmentStart flex-start col-sm-12 col-xs-12\"  style=\"\"><h1 class=\"p1 color-white padding-left-8 margin-bottom-0\"><span class=\"s1\">Om os<\/span><\/h1>\n<h4 class=\"p1 color-white borderTop borderWhite\"><span class=\"s1\">I 1915 grundlagde den unge danske mekaniker Palle Hoff Wodschow virksomheden, der skulle blive verdenskendt for at v\u00e6re \u2019St\u00e6rk som en Bj\u00f8rn\u2019. Det handlede fra starten om r\u00f8remaskiner til professionelle, og det g\u00f8r det ogs\u00e5 i dag. Og kun r\u00f8remaskiner, med den styrke og ekspertise, som denne specialisering giver. Og bj\u00f8rnen er stadig varem\u00e6rke og symbol for mere end 100 \u00e5rs dansk h\u00e5ndv\u00e6rk, kvalitet og banebrydende design og funktion.<\/span><\/h4>\n<\/div>[\/vc_column_inner][\/vc_row_inner]<div class=\"moduleScrollDown moduleAlignmentEnd moduleJustifyCenter col-sm-12 col-xs-12 has-padding    \"  style=\" padding-top:30px; padding-bottom:30px;\"><div class=\"scrollDownArrow\"><svg><use xlink:href=\"#shapeArrow\"><\/use><\/svg><\/div><\/div>[\/vc_column][\/vc_row][vc_row row_type=&#8221;moduleColor&#8221; row_bg_color=&#8221;#ffffff&#8221; offset=&#8221;vc_col-xs-12&#8243;][vc_column width=&#8221;5\/6&#8243; row_has_options_padding=&#8221;padding&#8221; row_padding_top_val=&#8221;px&#8221; row_padding_bottom_val=&#8221;px&#8221; row_bg_color=&#8221;&#8221; row_padding_top=&#8221;140&#8243; row_padding_bottom=&#8221;140&#8243; offset=&#8221;vc_col-sm-offset-1 vc_col-xs-offset-1 vc_col-xs-10&#8243;][vc_row_inner][vc_column_inner width=&#8221;2\/3&#8243; row_has_options_padding=&#8221;padding&#8221; row_padding_right_val=&#8221;px&#8221; row_padding_right_visibility=&#8221;padding-right-col-xs-hidden&#8221; row_bg_color=&#8221;&#8221; row_padding_right=&#8221;30&#8243; offset=&#8221;vc_col-xs-12&#8243;]<div class=\"moduleEditor moduleAlignmentStart flex-start col-sm-12 col-xs-12\"  style=\"\"><p class=\"p1\"><span class=\"s1\"><b>DANSK DESIGN OG KVALITET<\/b><\/span><\/p>\n<p class=\"p1\"><span class=\"s1\">Det kan ses. Det kan h\u00f8res. Det kan m\u00e6rkes. Varimixer er solidt kram, der er skabt til at holde i \u00e5revis. R\u00f8remaskiner, som t\u00e5ler dagligt, h\u00e5rdt arbejde i bagerier, k\u00f8kkener, f\u00f8devareproduktioner og i medicinalindustrien. I de sm\u00e5 og i de helt store produktioner. <\/span><\/p>\n<p class=\"p2\"><span class=\"s1\">Det er r\u00f8remaskiner, der bygger p\u00e5 tradition for godt h\u00e5ndv\u00e6rk og en unik id\u00e9, n\u00e5r r\u00f8rev\u00e6rkt\u00f8jerne roterer om sin egen akse samtidig med, at de f\u00f8res rundt i en cirkelbev\u00e6gfelse i kedlen \u2013 som planeter omkring solen. Det betyder, at hele massen i kedlen bearbejdes og alle punkter langs kedelv\u00e6ggen n\u00e5s. <\/span><\/p>\n<p class=\"p2\"><span class=\"s1\">Det er tradition for nyt\u00e6nkning. Tradition for produktudvikling baseret p\u00e5 et indg\u00e5ende kendskab til brugernes behov og dagligdag og brugerdrevet innovation p\u00e5 forkant med fremtiden. Resultatet er professionelle r\u00f8remaskiner, der tager ansvar for ergonomi, hygiejne og nem reng\u00f8ring.<\/span><\/p>\n<p class=\"p2\"><span class=\"s1\">Dansk design og kvalitet. Med udvalgte, veluddannede og professionelle distribut\u00f8rer over hele verden som garant for fuld tilfredshed f\u00f8r, under og efter installationen<\/span><\/p>\n<p class=\"p1 color-red\" style=\"text-align: right;\"><span class=\"s1\"><i>S\u00e5dan begyndte det i 1915 \u2013 en 15 liter R\u00f8re-, Piske- og \u00c6ltemaskine<\/i><\/span><\/p>\n<\/div>[\/vc_column_inner][vc_column_inner width=&#8221;1\/3&#8243; row_align=&#8221;moduleAlignmentEnd&#8221; row_has_options_padding=&#8221;padding&#8221; row_padding_top_val=&#8221;px&#8221; row_bg_color=&#8221;&#8221; row_padding_top=&#8221;60&#8243; offset=&#8221;vc_col-xs-12&#8243;]<div class=\"moduleEditor moduleAlignmentStart flex-start col-sm-12 col-xs-12\"  style=\"\"><p><img decoding=\"async\" class=\"size-medium wp-image-123 margin-bottom-0 aligncenter\" src=\"https:\/\/varimixer.com\/wp-content\/uploads\/2017\/09\/15L_OK-164x300.jpg\" alt=\"\" width=\"164\" height=\"300\" srcset=\"https:\/\/varimixer.com\/wp-content\/uploads\/2017\/09\/15L_OK-164x300.jpg 164w, https:\/\/varimixer.com\/wp-content\/uploads\/2017\/09\/15L_OK-768x1406.jpg 768w, https:\/\/varimixer.com\/wp-content\/uploads\/2017\/09\/15L_OK-559x1024.jpg 559w, https:\/\/varimixer.com\/wp-content\/uploads\/2017\/09\/15L_OK.jpg 968w\" sizes=\"(max-width: 164px) 100vw, 164px\" \/><\/p>\n<\/div>[\/vc_column_inner][\/vc_row_inner][\/vc_column][\/vc_row][vc_row row_section=&#8221;moduleFullwidth&#8221; row_type=&#8221;moduleColor&#8221; row_bg_color=&#8221;#000000&#8243; offset=&#8221;vc_col-xs-12&#8243;][vc_column row_bg_color=&#8221;&#8221; offset=&#8221;vc_col-xs-12&#8243;]<div class=\"moduleEditor moduleAlignmentStart flex-start col-sm-12 col-xs-12\"  style=\"\"><p><img fetchpriority=\"high\" decoding=\"async\" class=\"size-full wp-image-125 aligncenter margin-bottom-0\" src=\"https:\/\/varimixer.com\/wp-content\/uploads\/2017\/09\/About_Haandvaerk_1.jpg\" alt=\"\" width=\"1900\" height=\"950\" srcset=\"https:\/\/varimixer.com\/wp-content\/uploads\/2017\/09\/About_Haandvaerk_1.jpg 1900w, https:\/\/varimixer.com\/wp-content\/uploads\/2017\/09\/About_Haandvaerk_1-300x150.jpg 300w, https:\/\/varimixer.com\/wp-content\/uploads\/2017\/09\/About_Haandvaerk_1-768x384.jpg 768w, https:\/\/varimixer.com\/wp-content\/uploads\/2017\/09\/About_Haandvaerk_1-1024x512.jpg 1024w\" sizes=\"(max-width: 1900px) 100vw, 1900px\" \/><\/p>\n<\/div>[\/vc_column][\/vc_row][vc_row row_type=&#8221;moduleColor&#8221; row_bg_color=&#8221;#e3151b&#8221; offset=&#8221;vc_col-xs-12&#8243;][vc_column width=&#8221;5\/6&#8243; row_has_options_padding=&#8221;padding&#8221; row_padding_top_val=&#8221;px&#8221; row_padding_bottom_val=&#8221;px&#8221; row_bg_color=&#8221;&#8221; row_padding_top=&#8221;140&#8243; row_padding_bottom=&#8221;140&#8243; offset=&#8221;vc_col-sm-offset-1 vc_col-xs-offset-1 vc_col-xs-10&#8243;][vc_row_inner][vc_column_inner row_bg_color=&#8221;&#8221; offset=&#8221;vc_col-xs-12&#8243;]<div class=\"moduleEditor moduleAlignmentStart flex-start col-sm-12 col-xs-12\"  style=\"\"><h4 class=\"p1 color-white\"><span class=\"s1\">Varimixer er ikke masseproduktion. Det er menneskers v\u00e6rk. Intet samleb\u00e5nd, men omkring 60 erfarne fagfolk, der p\u00e5 fabrikken i K\u00f8benhavn h\u00e5ndbygger hver enkelt r\u00f8remaskine med faglig stolthed. Det er den samme medarbejder, der har ansvaret for f\u00e6rdigg\u00f8relsen fra start til slut. Assisteret af den nyeste, fleksible produktionsteknologi og 100 \u00e5r gamle v\u00e6rdier: P\u00e5lidelighed. Ansvarlighed. \u00c6rlighed. <\/span><\/h4>\n<\/div>[\/vc_column_inner][\/vc_row_inner][\/vc_column][\/vc_row][vc_row row_section=&#8221;moduleFullwidth&#8221; offset=&#8221;vc_col-xs-12&#8243;][vc_column row_bg_color=&#8221;&#8221; offset=&#8221;vc_col-xs-12&#8243;][vc_row_inner row_inner_section=&#8221;moduleSectionInner&#8221;][vc_column_inner width=&#8221;1\/2&#8243; row_bg_color=&#8221;&#8221; offset=&#8221;vc_col-md-3 vc_col-xs-6&#8243;]<div class=\"moduleEditor moduleAlignmentStart flex-start col-sm-12 col-xs-12\"  style=\"\"><p><img decoding=\"async\" class=\"size-full wp-image-122 aligncenter margin-bottom-0\" src=\"https:\/\/varimixer.com\/wp-content\/uploads\/2017\/09\/Varimixer_About_1.jpg\" alt=\"\" width=\"475\" height=\"340\" srcset=\"https:\/\/varimixer.com\/wp-content\/uploads\/2017\/09\/Varimixer_About_1.jpg 475w, https:\/\/varimixer.com\/wp-content\/uploads\/2017\/09\/Varimixer_About_1-300x215.jpg 300w\" sizes=\"(max-width: 475px) 100vw, 475px\" \/><\/p>\n<\/div>[\/vc_column_inner][vc_column_inner width=&#8221;1\/2&#8243; row_bg_color=&#8221;&#8221; offset=&#8221;vc_col-md-3 vc_col-xs-6&#8243;]<div class=\"moduleEditor moduleAlignmentStart flex-start col-sm-12 col-xs-12\"  style=\"\"><p><img loading=\"lazy\" decoding=\"async\" class=\"size-full wp-image-121 aligncenter margin-bottom-0\" src=\"https:\/\/varimixer.com\/wp-content\/uploads\/2017\/09\/Varimixer_About_2.jpg\" alt=\"\" width=\"475\" height=\"340\" srcset=\"https:\/\/varimixer.com\/wp-content\/uploads\/2017\/09\/Varimixer_About_2.jpg 475w, https:\/\/varimixer.com\/wp-content\/uploads\/2017\/09\/Varimixer_About_2-300x215.jpg 300w\" sizes=\"(max-width: 475px) 100vw, 475px\" \/><\/p>\n<\/div>[\/vc_column_inner][vc_column_inner width=&#8221;1\/2&#8243; row_bg_color=&#8221;&#8221; offset=&#8221;vc_col-md-3 vc_col-xs-6&#8243;]<div class=\"moduleEditor moduleAlignmentStart flex-start col-sm-12 col-xs-12\"  style=\"\"><p><img loading=\"lazy\" decoding=\"async\" class=\"size-full wp-image-120 aligncenter margin-bottom-0\" src=\"https:\/\/varimixer.com\/wp-content\/uploads\/2017\/09\/Varimixer_About_3.jpg\" alt=\"\" width=\"475\" height=\"340\" srcset=\"https:\/\/varimixer.com\/wp-content\/uploads\/2017\/09\/Varimixer_About_3.jpg 475w, https:\/\/varimixer.com\/wp-content\/uploads\/2017\/09\/Varimixer_About_3-300x215.jpg 300w\" sizes=\"(max-width: 475px) 100vw, 475px\" \/><\/p>\n<\/div>[\/vc_column_inner][vc_column_inner width=&#8221;1\/2&#8243; row_bg_color=&#8221;&#8221; offset=&#8221;vc_col-md-3 vc_col-xs-6&#8243;]<div class=\"moduleEditor moduleAlignmentStart flex-start col-sm-12 col-xs-12\"  style=\"\"><p><img loading=\"lazy\" decoding=\"async\" class=\"size-full wp-image-119 aligncenter margin-bottom-0\" src=\"https:\/\/varimixer.com\/wp-content\/uploads\/2017\/09\/Varimixer_About_4.jpg\" alt=\"\" width=\"475\" height=\"340\" srcset=\"https:\/\/varimixer.com\/wp-content\/uploads\/2017\/09\/Varimixer_About_4.jpg 475w, https:\/\/varimixer.com\/wp-content\/uploads\/2017\/09\/Varimixer_About_4-300x215.jpg 300w\" sizes=\"(max-width: 475px) 100vw, 475px\" \/><\/p>\n<\/div>[\/vc_column_inner][\/vc_row_inner][\/vc_column][\/vc_row][vc_row row_type=&#8221;moduleColor&#8221; row_bg_color=&#8221;#ffffff&#8221; offset=&#8221;vc_col-xs-12&#8243;][vc_column width=&#8221;5\/6&#8243; row_has_options_padding=&#8221;padding&#8221; row_padding_top_val=&#8221;px&#8221; row_padding_bottom_val=&#8221;px&#8221; row_bg_color=&#8221;&#8221; row_padding_top=&#8221;140&#8243; row_padding_bottom=&#8221;140&#8243; offset=&#8221;vc_col-sm-offset-1 vc_col-xs-offset-1 vc_col-xs-10&#8243;][vc_row_inner][vc_column_inner row_bg_color=&#8221;&#8221; offset=&#8221;vc_col-xs-12&#8243;]<div class=\"moduleEditor moduleAlignmentStart flex-start col-sm-12 col-xs-12\"  style=\"\"><p class=\"p1\"><span class=\"s1\"><b>H\u00c5NDV\u00c6RK OG NY TEKNOLOGI<\/b><\/span><\/p>\n<p class=\"p1\"><span class=\"s1\">Der er maskiner, der er opfundet til form\u00e5let for \u00e5rtier siden. En h\u00e5ndbetjent maskine til hver enkelt bukning p\u00e5 piskerisets tr\u00e5de eller krogens buk f.eks. Der er de nyeste versioner af fleksible robotter, som arbejder ubemandet i d\u00f8gndrift med pr\u00e6cisionsfremstilling af elementer i de absolut bedste materialer. <\/span><\/p>\n<p class=\"p2\"><span class=\"s1\">Og s\u00e5 er der medarbejderne, der har bygget r\u00f8remaskiner i \u00e5revis. H\u00e5ndv\u00e6rkere med personligt engagement, faglig stolthed og en h\u00f8j grad af ansvarsf\u00f8lelse for d\u00e9t, som mange kalder verdens bedste r\u00f8remaskine. <\/span><\/p>\n<p class=\"p2\"><span class=\"s1\">Store ord, der kan lyde som floskler. Uden indhold ville ordene v\u00e6re v\u00e6rdil\u00f8se, men n\u00e5r ordene svarer til oplevelserne i virkeligheden, er det v\u00e6rdier, der g\u00f8r en virksomhed virkelig st\u00e6rk.<\/span><\/p>\n<p class=\"p2\"><span class=\"s1\">St\u00e6rk som en Bj\u00f8rn. <\/span><\/p>\n<\/div>[\/vc_column_inner][\/vc_row_inner][\/vc_column][\/vc_row]<\/p>\n<\/div>","protected":false},"excerpt":{"rendered":"<p>[vc_row row_align=&#8221;moduleAlignmentStretch&#8221; row_type=&#8221;moduleImage&#8221; row_bg_image_opacity=&#8221;1&#8243; row_bg_color=&#8221;#000000&#8243; row_bg_image=&#8221;126&#8243; offset=&#8221;vc_col-xs-12&#8243;][vc_column row_align=&#8221;moduleAlignmentStretch&#8221; row_bg_color=&#8221;&#8221; offset=&#8221;vc_col-xs-12&#8243;][vc_row_inner row_align=&#8221;moduleAlignmentStretch&#8221;][vc_column_inner width=&#8221;5\/6&#8243; row_has_options_padding=&#8221;padding&#8221; row_padding_top_val=&#8221;px&#8221; row_padding_bottom_val=&#8221;px&#8221; row_bg_color=&#8221;&#8221; offset=&#8221;vc_col-sm-offset-1 vc_col-xs-offset-1 vc_col-xs-10&#8243; row_padding_top=&#8221;260&#8243; row_padding_bottom=&#8221;160&#8243;][\/vc_column_inner][\/vc_row_inner][\/vc_column][\/vc_row][vc_row row_type=&#8221;moduleColor&#8221; row_bg_color=&#8221;#ffffff&#8221; offset=&#8221;vc_col-xs-12&#8243;][vc_column width=&#8221;5\/6&#8243; row_has_options_padding=&#8221;padding&#8221; row_padding_top_val=&#8221;px&#8221; row_padding_bottom_val=&#8221;px&#8221; row_bg_color=&#8221;&#8221; row_padding_top=&#8221;140&#8243; row_padding_bottom=&#8221;140&#8243; offset=&#8221;vc_col-sm-offset-1 vc_col-xs-offset-1 vc_col-xs-10&#8243;][vc_row_inner][vc_column_inner width=&#8221;2\/3&#8243; row_has_options_padding=&#8221;padding&#8221; row_padding_right_val=&#8221;px&#8221; row_padding_right_visibility=&#8221;padding-right-col-xs-hidden&#8221; row_bg_color=&#8221;&#8221; row_padding_right=&#8221;30&#8243; offset=&#8221;vc_col-xs-12&#8243;][\/vc_column_inner][vc_column_inner width=&#8221;1\/3&#8243; row_align=&#8221;moduleAlignmentEnd&#8221; row_has_options_padding=&#8221;padding&#8221; row_padding_top_val=&#8221;px&#8221; row_bg_color=&#8221;&#8221; row_padding_top=&#8221;60&#8243; offset=&#8221;vc_col-xs-12&#8243;][\/vc_column_inner][\/vc_row_inner][\/vc_column][\/vc_row][vc_row row_section=&#8221;moduleFullwidth&#8221; row_type=&#8221;moduleColor&#8221; row_bg_color=&#8221;#000000&#8243; offset=&#8221;vc_col-xs-12&#8243;][vc_column row_bg_color=&#8221;&#8221; offset=&#8221;vc_col-xs-12&#8243;][\/vc_column][\/vc_row][vc_row row_type=&#8221;moduleColor&#8221; [&hellip;]<\/p>\n","protected":false},"author":1,"featured_media":0,"parent":0,"menu_order":113,"comment_status":"closed","ping_status":"closed","template":"","meta":{"_acf_changed":false,"footnotes":""},"class_list":["post-73","page","type-page","status-publish","hentry"],"acf":[],"aioseo_notices":[],"_links":{"self":[{"href":"https:\/\/varimixer.com\/da\/wp-json\/wp\/v2\/pages\/73","targetHints":{"allow":["GET"]}}],"collection":[{"href":"https:\/\/varimixer.com\/da\/wp-json\/wp\/v2\/pages"}],"about":[{"href":"https:\/\/varimixer.com\/da\/wp-json\/wp\/v2\/types\/page"}],"author":[{"embeddable":true,"href":"https:\/\/varimixer.com\/da\/wp-json\/wp\/v2\/users\/1"}],"replies":[{"embeddable":true,"href":"https:\/\/varimixer.com\/da\/wp-json\/wp\/v2\/comments?post=73"}],"version-history":[{"count":0,"href":"https:\/\/varimixer.com\/da\/wp-json\/wp\/v2\/pages\/73\/revisions"}],"wp:attachment":[{"href":"https:\/\/varimixer.com\/da\/wp-json\/wp\/v2\/media?parent=73"}],"curies":[{"name":"wp","href":"https:\/\/api.w.org\/{rel}","templated":true}]}}