



{"id":9585,"date":"2020-08-28T13:00:52","date_gmt":"2020-08-28T11:00:52","guid":{"rendered":"https:\/\/varimixer.com\/?page_id=9585"},"modified":"2024-11-01T13:38:07","modified_gmt":"2024-11-01T12:38:07","slug":"foedevaresikkerhed","status":"publish","type":"page","link":"https:\/\/varimixer.com\/da\/foedevaresikkerhed\/","title":{"rendered":"F\u00f8devaresikkerhed"},"content":{"rendered":"\t\t<div data-elementor-type=\"wp-page\" data-elementor-id=\"9585\" class=\"elementor elementor-9585 elementor-9584\" data-elementor-post-type=\"page\">\n\t\t\t\t\t\t<section class=\"elementor-section elementor-top-section elementor-element elementor-element-441277ec elementor-section-height-min-height elementor-section-content-bottom elementor-section-boxed elementor-section-height-default elementor-section-items-middle\" data-id=\"441277ec\" data-element_type=\"section\" data-e-type=\"section\" data-settings=\"{&quot;background_background&quot;:&quot;classic&quot;}\">\n\t\t\t\t\t\t<div class=\"elementor-container elementor-column-gap-default\">\n\t\t\t\t\t<div class=\"elementor-column elementor-col-100 elementor-top-column elementor-element elementor-element-5e096f21\" data-id=\"5e096f21\" data-element_type=\"column\" data-e-type=\"column\">\n\t\t\t<div class=\"elementor-widget-wrap elementor-element-populated\">\n\t\t\t\t\t\t<section class=\"elementor-section elementor-inner-section elementor-element elementor-element-2c5922fc elementor-section-boxed elementor-section-height-default elementor-section-height-default\" data-id=\"2c5922fc\" data-element_type=\"section\" data-e-type=\"section\">\n\t\t\t\t\t\t<div class=\"elementor-container elementor-column-gap-default\">\n\t\t\t\t\t<div class=\"elementor-column elementor-col-100 elementor-inner-column elementor-element elementor-element-7d3e03e2\" data-id=\"7d3e03e2\" data-element_type=\"column\" data-e-type=\"column\">\n\t\t\t<div class=\"elementor-widget-wrap elementor-element-populated\">\n\t\t\t\t\t\t<div class=\"elementor-element elementor-element-66bdb444 elementor-widget elementor-widget-heading\" data-id=\"66bdb444\" data-element_type=\"widget\" data-e-type=\"widget\" data-widget_type=\"heading.default\">\n\t\t\t\t<div class=\"elementor-widget-container\">\n\t\t\t\t\t<h3 class=\"elementor-heading-title elementor-size-default\">F\u00f8devaresikkerhed<\/h3>\t\t\t\t<\/div>\n\t\t\t\t<\/div>\n\t\t\t\t<div class=\"elementor-element elementor-element-3a13b141 elementor-widget elementor-widget-text-editor\" data-id=\"3a13b141\" data-element_type=\"widget\" data-e-type=\"widget\" data-widget_type=\"text-editor.default\">\n\t\t\t\t<div class=\"elementor-widget-container\">\n\t\t\t\t\t\t\t\t\t<p>Professionelle r\u00f8remaskiner fra Varimixer er designet til at hj\u00e6lpe restauranter og bagerier med at overholde de h\u00f8jeste standarder for hygiejne og arbejdssikkerhed.<\/p>\t\t\t\t\t\t\t\t<\/div>\n\t\t\t\t<\/div>\n\t\t\t\t<div class=\"elementor-element elementor-element-cb3381d elementor-align-center .video-play-button elementor-widget elementor-widget-button\" data-id=\"cb3381d\" data-element_type=\"widget\" data-e-type=\"widget\" data-widget_type=\"button.default\">\n\t\t\t\t<div class=\"elementor-widget-container\">\n\t\t\t\t\t\t\t\t\t<div class=\"elementor-button-wrapper\">\n\t\t\t\t\t<a class=\"elementor-button elementor-button-link elementor-size-xl\" href=\"#elementor-action%3Aaction%3Dpopup%3Aopen%26settings%3DeyJpZCI6MTczMTcsInRvZ2dsZSI6ZmFsc2V9\">\n\t\t\t\t\t\t<span class=\"elementor-button-content-wrapper\">\n\t\t\t\t\t\t<span class=\"elementor-button-icon\">\n\t\t\t\t<i aria-hidden=\"true\" class=\"fas fa-play-circle\"><\/i>\t\t\t<\/span>\n\t\t\t\t\t\t\t\t<\/span>\n\t\t\t\t\t<\/a>\n\t\t\t\t<\/div>\n\t\t\t\t\t\t\t\t<\/div>\n\t\t\t\t<\/div>\n\t\t\t\t<div class=\"elementor-element elementor-element-4d4c20f1 .see-video-txt elementor-widget elementor-widget-text-editor\" data-id=\"4d4c20f1\" data-element_type=\"widget\" data-e-type=\"widget\" data-widget_type=\"text-editor.default\">\n\t\t\t\t<div class=\"elementor-widget-container\">\n\t\t\t\t\t\t\t\t\t<p class=\"see-video-txt\">Se filmen om f\u00f8devaresikkerhed her<\/p>\t\t\t\t\t\t\t\t<\/div>\n\t\t\t\t<\/div>\n\t\t\t\t\t<\/div>\n\t\t<\/div>\n\t\t\t\t\t<\/div>\n\t\t<\/section>\n\t\t\t\t\t<\/div>\n\t\t<\/div>\n\t\t\t\t\t<\/div>\n\t\t<\/section>\n\t\t\t\t<section class=\"elementor-section elementor-top-section elementor-element elementor-element-4fba600f elementor-section-boxed elementor-section-height-default elementor-section-height-default\" data-id=\"4fba600f\" data-element_type=\"section\" data-e-type=\"section\">\n\t\t\t\t\t\t<div class=\"elementor-container elementor-column-gap-default\">\n\t\t\t\t\t<div class=\"elementor-column elementor-col-66 elementor-top-column elementor-element elementor-element-6a5a2637\" data-id=\"6a5a2637\" data-element_type=\"column\" data-e-type=\"column\">\n\t\t\t<div class=\"elementor-widget-wrap elementor-element-populated\">\n\t\t\t\t\t\t<div class=\"elementor-element elementor-element-2f145949 elementor-widget elementor-widget-text-editor\" data-id=\"2f145949\" data-element_type=\"widget\" data-e-type=\"widget\" data-widget_type=\"text-editor.default\">\n\t\t\t\t<div class=\"elementor-widget-container\">\n\t\t\t\t\t\t\t\t\t<p><strong>Vi tager f\u00f8devaresikkerhed til det n\u00e6ste niveau<\/strong><\/p><p>Reng\u00f8ringsvenligt udstyr er den nemmeste vej til god k\u00f8kkenhygiejne og sunde f\u00f8devarer. Alle vores r\u00f8remaskiner har glatte og hygiejniske overflader, der er lette at reng\u00f8re, uden eksterne skruer eller \u00e5bninger.<\/p><p>Varimixer var den f\u00f8rste producent i verden til at fremstille r\u00f8remaskiner af rustfrit st\u00e5l, der er let at reng\u00f8re. Dette inkluderer ogs\u00e5 sk\u00e5l, piskeris, dejkrog og skraber. Resultatet er forbedret hygiejne og holdbarhed.<\/p><p>Varimixer <a href=\"\/da\/products\/kodiak\/\">KODIAK<\/a> er verdens f\u00f8rste \u00e6gte vaskbare professionelle r\u00f8remaskine. Varimixer KODIAK er IP44-kompatibel og har vundet Kitchen Innovation Award som den mest hygiejniske r\u00f8remaskine p\u00e5 markedet.<\/p><p><strong>L\u00e6r mere om vores produkter<\/strong><\/p><p>Varimixer fremstiller r\u00f8remaskiner p\u00e5 baggrund af dybtg\u00e5ende viden om brugernes behov og daglige rutiner i professionelle k\u00f8kkener og bagerier.<\/p><p><a href=\"\/da\/produkter\/\">Se vores produkter her<\/a><\/p>\t\t\t\t\t\t\t\t<\/div>\n\t\t\t\t<\/div>\n\t\t\t\t\t<\/div>\n\t\t<\/div>\n\t\t\t\t<div class=\"elementor-column elementor-col-33 elementor-top-column elementor-element elementor-element-77cef281\" data-id=\"77cef281\" data-element_type=\"column\" data-e-type=\"column\">\n\t\t\t<div class=\"elementor-widget-wrap elementor-element-populated\">\n\t\t\t\t\t\t<div class=\"elementor-element elementor-element-20f2c7b1 elementor-widget elementor-widget-image\" data-id=\"20f2c7b1\" data-element_type=\"widget\" data-e-type=\"widget\" data-widget_type=\"image.default\">\n\t\t\t\t<div class=\"elementor-widget-container\">\n\t\t\t\t\t\t\t\t\t\t\t\t\t\t\t<img fetchpriority=\"high\" decoding=\"async\" width=\"1500\" height=\"1500\" src=\"https:\/\/varimixer.com\/wp-content\/uploads\/2024\/11\/Mixer_Kodiak30_floor-model.jpg\" class=\"attachment-full size-full wp-image-17293\" alt=\"\" srcset=\"https:\/\/varimixer.com\/wp-content\/uploads\/2024\/11\/Mixer_Kodiak30_floor-model.jpg 1500w, https:\/\/varimixer.com\/wp-content\/uploads\/2024\/11\/Mixer_Kodiak30_floor-model-300x300.jpg 300w, https:\/\/varimixer.com\/wp-content\/uploads\/2024\/11\/Mixer_Kodiak30_floor-model-1024x1024.jpg 1024w, https:\/\/varimixer.com\/wp-content\/uploads\/2024\/11\/Mixer_Kodiak30_floor-model-150x150.jpg 150w, https:\/\/varimixer.com\/wp-content\/uploads\/2024\/11\/Mixer_Kodiak30_floor-model-768x768.jpg 768w, https:\/\/varimixer.com\/wp-content\/uploads\/2024\/11\/Mixer_Kodiak30_floor-model-64x64.jpg 64w\" sizes=\"(max-width: 1500px) 100vw, 1500px\" title=\"Mixer_Kodiak30_floor-model - Varimixer\" \/>\t\t\t\t\t\t\t\t\t\t\t\t\t\t\t<\/div>\n\t\t\t\t<\/div>\n\t\t\t\t\t<\/div>\n\t\t<\/div>\n\t\t\t\t\t<\/div>\n\t\t<\/section>\n\t\t\t\t<section class=\"elementor-section elementor-top-section elementor-element elementor-element-215745cf elementor-section-boxed elementor-section-height-default elementor-section-height-default\" data-id=\"215745cf\" data-element_type=\"section\" data-e-type=\"section\" data-settings=\"{&quot;background_background&quot;:&quot;classic&quot;}\">\n\t\t\t\t\t\t<div class=\"elementor-container elementor-column-gap-default\">\n\t\t\t\t\t<div class=\"elementor-column elementor-col-100 elementor-top-column elementor-element elementor-element-40914724\" data-id=\"40914724\" data-element_type=\"column\" data-e-type=\"column\">\n\t\t\t<div class=\"elementor-widget-wrap elementor-element-populated\">\n\t\t\t\t\t\t<div class=\"elementor-element elementor-element-6220c134 elementor-widget elementor-widget-heading\" data-id=\"6220c134\" data-element_type=\"widget\" data-e-type=\"widget\" data-widget_type=\"heading.default\">\n\t\t\t\t<div class=\"elementor-widget-container\">\n\t\t\t\t\t<h2 class=\"elementor-heading-title elementor-size-default\">Kontakt en Varimixer specialist<\/h2>\t\t\t\t<\/div>\n\t\t\t\t<\/div>\n\t\t\t\t<div class=\"elementor-element elementor-element-106aa030 elementor-widget elementor-widget-heading\" data-id=\"106aa030\" data-element_type=\"widget\" data-e-type=\"widget\" data-widget_type=\"heading.default\">\n\t\t\t\t<div class=\"elementor-widget-container\">\n\t\t\t\t\t<h4 class=\"elementor-heading-title elementor-size-default\">Kontakt en af vores dygtige forhandlere for at f\u00e5 flere oplysninger om AR \/ KODIAK \/ ERGO \/ TEDDY Serierne.<\/h4>\t\t\t\t<\/div>\n\t\t\t\t<\/div>\n\t\t\t\t<div class=\"elementor-element elementor-element-663d2e91 elementor-align-left elementor-widget elementor-widget-button\" data-id=\"663d2e91\" data-element_type=\"widget\" data-e-type=\"widget\" data-widget_type=\"button.default\">\n\t\t\t\t<div class=\"elementor-widget-container\">\n\t\t\t\t\t\t\t\t\t<div class=\"elementor-button-wrapper\">\n\t\t\t\t\t<a class=\"elementor-button elementor-button-link elementor-size-sm\" href=\"\/da\/forhandlere\/\">\n\t\t\t\t\t\t<span class=\"elementor-button-content-wrapper\">\n\t\t\t\t\t\t<span class=\"elementor-button-icon\">\n\t\t\t\t<i aria-hidden=\"true\" class=\"fas fa-shopping-cart\"><\/i>\t\t\t<\/span>\n\t\t\t\t\t\t\t\t\t<span class=\"elementor-button-text\">Find en forhandler i dit omr\u00e5de<\/span>\n\t\t\t\t\t<\/span>\n\t\t\t\t\t<\/a>\n\t\t\t\t<\/div>\n\t\t\t\t\t\t\t\t<\/div>\n\t\t\t\t<\/div>\n\t\t\t\t\t<\/div>\n\t\t<\/div>\n\t\t\t\t\t<\/div>\n\t\t<\/section>\n\t\t\t\t<\/div>\n\t\t","protected":false},"excerpt":{"rendered":"<p>F\u00f8devaresikkerhed Professionelle r\u00f8remaskiner fra Varimixer er designet til at hj\u00e6lpe restauranter og bagerier med at overholde de h\u00f8jeste standarder for hygiejne og arbejdssikkerhed. Se filmen om f\u00f8devaresikkerhed her Vi tager f\u00f8devaresikkerhed til det n\u00e6ste niveau Reng\u00f8ringsvenligt udstyr er den nemmeste vej til god k\u00f8kkenhygiejne og sunde f\u00f8devarer. Alle vores r\u00f8remaskiner har glatte og hygiejniske overflader, [&hellip;]<\/p>\n","protected":false},"author":209,"featured_media":0,"parent":0,"menu_order":110,"comment_status":"closed","ping_status":"closed","template":"","meta":{"_acf_changed":false,"footnotes":""},"class_list":["post-9585","page","type-page","status-publish","hentry"],"acf":[],"aioseo_notices":[],"_links":{"self":[{"href":"https:\/\/varimixer.com\/da\/wp-json\/wp\/v2\/pages\/9585","targetHints":{"allow":["GET"]}}],"collection":[{"href":"https:\/\/varimixer.com\/da\/wp-json\/wp\/v2\/pages"}],"about":[{"href":"https:\/\/varimixer.com\/da\/wp-json\/wp\/v2\/types\/page"}],"author":[{"embeddable":true,"href":"https:\/\/varimixer.com\/da\/wp-json\/wp\/v2\/users\/209"}],"replies":[{"embeddable":true,"href":"https:\/\/varimixer.com\/da\/wp-json\/wp\/v2\/comments?post=9585"}],"version-history":[{"count":0,"href":"https:\/\/varimixer.com\/da\/wp-json\/wp\/v2\/pages\/9585\/revisions"}],"wp:attachment":[{"href":"https:\/\/varimixer.com\/da\/wp-json\/wp\/v2\/media?parent=9585"}],"curies":[{"name":"wp","href":"https:\/\/api.w.org\/{rel}","templated":true}]}}