



{"id":9589,"date":"2020-08-28T13:06:30","date_gmt":"2020-08-28T11:06:30","guid":{"rendered":"https:\/\/varimixer.com\/?page_id=9589"},"modified":"2024-11-01T13:39:41","modified_gmt":"2024-11-01T12:39:41","slug":"arbejdssikkerhed-og-ergonomi-2","status":"publish","type":"page","link":"https:\/\/varimixer.com\/da\/arbejdssikkerhed-og-ergonomi-2\/","title":{"rendered":"Arbejdssikkerhed og ergonomi"},"content":{"rendered":"\t\t<div data-elementor-type=\"wp-page\" data-elementor-id=\"9589\" class=\"elementor elementor-9589 elementor-9588\" data-elementor-post-type=\"page\">\n\t\t\t\t\t\t<section class=\"elementor-section elementor-top-section elementor-element elementor-element-7f765831 elementor-section-height-min-height elementor-section-content-bottom elementor-section-boxed elementor-section-height-default elementor-section-items-middle\" data-id=\"7f765831\" data-element_type=\"section\" data-e-type=\"section\" data-settings=\"{&quot;background_background&quot;:&quot;classic&quot;}\">\n\t\t\t\t\t\t<div class=\"elementor-container elementor-column-gap-default\">\n\t\t\t\t\t<div class=\"elementor-column elementor-col-100 elementor-top-column elementor-element elementor-element-6a6b1af1\" data-id=\"6a6b1af1\" data-element_type=\"column\" data-e-type=\"column\">\n\t\t\t<div class=\"elementor-widget-wrap elementor-element-populated\">\n\t\t\t\t\t\t<section class=\"elementor-section elementor-inner-section elementor-element elementor-element-6ece5ba6 elementor-section-boxed elementor-section-height-default elementor-section-height-default\" data-id=\"6ece5ba6\" data-element_type=\"section\" data-e-type=\"section\">\n\t\t\t\t\t\t<div class=\"elementor-container elementor-column-gap-default\">\n\t\t\t\t\t<div class=\"elementor-column elementor-col-100 elementor-inner-column elementor-element elementor-element-43ad30b1\" data-id=\"43ad30b1\" data-element_type=\"column\" data-e-type=\"column\">\n\t\t\t<div class=\"elementor-widget-wrap elementor-element-populated\">\n\t\t\t\t\t\t<div class=\"elementor-element elementor-element-2004f5dc elementor-widget elementor-widget-heading\" data-id=\"2004f5dc\" data-element_type=\"widget\" data-e-type=\"widget\" data-widget_type=\"heading.default\">\n\t\t\t\t<div class=\"elementor-widget-container\">\n\t\t\t\t\t<h3 class=\"elementor-heading-title elementor-size-default\">Arbejdssikkerhed og ergonomi<\/h3>\t\t\t\t<\/div>\n\t\t\t\t<\/div>\n\t\t\t\t<div class=\"elementor-element elementor-element-7c055afb elementor-widget elementor-widget-text-editor\" data-id=\"7c055afb\" data-element_type=\"widget\" data-e-type=\"widget\" data-widget_type=\"text-editor.default\">\n\t\t\t\t<div class=\"elementor-widget-container\">\n\t\t\t\t\t\t\t\t\tVarimixers vision er at hj\u00e6lpe med til at g\u00f8re det professionelle k\u00f8kken og bageri til et sikkert og sundt arbejdsmilj\u00f8. Denne vision er selve DNA\u2019et i vores produktudvikling og bygger p\u00e5 t\u00e6t samarbejde med brugere over hele verden.\t\t\t\t\t\t\t\t<\/div>\n\t\t\t\t<\/div>\n\t\t\t\t<div class=\"elementor-element elementor-element-77239763 elementor-align-center .video-play-button elementor-widget elementor-widget-button\" data-id=\"77239763\" data-element_type=\"widget\" data-e-type=\"widget\" data-widget_type=\"button.default\">\n\t\t\t\t<div class=\"elementor-widget-container\">\n\t\t\t\t\t\t\t\t\t<div class=\"elementor-button-wrapper\">\n\t\t\t\t\t<a class=\"elementor-button elementor-button-link elementor-size-xl\" href=\"#elementor-action%3Aaction%3Dpopup%3Aopen%26settings%3DeyJpZCI6MTczMjIsInRvZ2dsZSI6ZmFsc2V9\">\n\t\t\t\t\t\t<span class=\"elementor-button-content-wrapper\">\n\t\t\t\t\t\t<span class=\"elementor-button-icon\">\n\t\t\t\t<i aria-hidden=\"true\" class=\"fas fa-play-circle\"><\/i>\t\t\t<\/span>\n\t\t\t\t\t\t\t\t<\/span>\n\t\t\t\t\t<\/a>\n\t\t\t\t<\/div>\n\t\t\t\t\t\t\t\t<\/div>\n\t\t\t\t<\/div>\n\t\t\t\t<div class=\"elementor-element elementor-element-3f5cc2c4 .see-video-txt elementor-widget elementor-widget-text-editor\" data-id=\"3f5cc2c4\" data-element_type=\"widget\" data-e-type=\"widget\" data-widget_type=\"text-editor.default\">\n\t\t\t\t<div class=\"elementor-widget-container\">\n\t\t\t\t\t\t\t\t\t<p class=\"see-video-txt\">Se filmen om arbejdssikkerhed her<\/p>\n\t\t\t\t\t\t\t\t<\/div>\n\t\t\t\t<\/div>\n\t\t\t\t\t<\/div>\n\t\t<\/div>\n\t\t\t\t\t<\/div>\n\t\t<\/section>\n\t\t\t\t\t<\/div>\n\t\t<\/div>\n\t\t\t\t\t<\/div>\n\t\t<\/section>\n\t\t\t\t<section class=\"elementor-section elementor-top-section elementor-element elementor-element-58a24a6b elementor-section-boxed elementor-section-height-default elementor-section-height-default\" data-id=\"58a24a6b\" data-element_type=\"section\" data-e-type=\"section\">\n\t\t\t\t\t\t<div class=\"elementor-container elementor-column-gap-default\">\n\t\t\t\t\t<div class=\"elementor-column elementor-col-66 elementor-top-column elementor-element elementor-element-283443f3\" data-id=\"283443f3\" data-element_type=\"column\" data-e-type=\"column\">\n\t\t\t<div class=\"elementor-widget-wrap elementor-element-populated\">\n\t\t\t\t\t\t<div class=\"elementor-element elementor-element-e3a09f7 elementor-widget elementor-widget-text-editor\" data-id=\"e3a09f7\" data-element_type=\"widget\" data-e-type=\"widget\" data-widget_type=\"text-editor.default\">\n\t\t\t\t<div class=\"elementor-widget-container\">\n\t\t\t\t\t\t\t\t\t<p><b>Udviklet af fagfolk til fagfolk<\/b><\/p><p>N\u00e5r vi udvikler vores r\u00f8remaskiner, arbejder vores designere og ingeni\u00f8rer t\u00e6t sammen med folk, der dagligt betjener r\u00f8remaskiner i professionelle k\u00f8kkener og bagerier. De studerer arbejdsrutiner f\u00f8r, under og efter r\u00f8reprocessen for at \u00f8ge sikkerhed og effektivitet. Resultatet er r\u00f8remaskiner, der er sikre at bruge og forebygger tunge l\u00f8ft og d\u00e5rlige arbejdsstillinger.<\/p><p>Alle vores r\u00f8remaskiner er udstyret med en aftagelig sikkerhedssk\u00e6rm, der forebygger uheld og arbejdsskader. Den patenterede sikkerhedssk\u00e6rm holdes p\u00e5 plads af magneter og er nem at reng\u00f8re.<\/p><p>Varimixer har et indbygget sikkerhedskredsl\u00f8b, der overv\u00e5ger om sikkerhedsudstyret er monteret korrekt. Os bekendt, er Varimixer den eneste r\u00f8remaskineproducent i verden, der dermed overholder den europ\u00e6iske sikkerhedsstandard EN454, hvilket er kr\u00e6vet for at kunne CE m\u00e6rke produkterne. Varimixer bruger tyske GS \u2013 \u2019Gepr\u00fcfte Sicherheit\u2019 som tredjepart, til at verificere at sikkerhedsnormen overholdes.<\/p><p><a href=\"\/da\/products\/ergo\/\">Varimixer ERGO<\/a> har et banebrydende ergonomisk design, der beskytter medarbejderne mod tunge l\u00f8ft og u\u00f8nskede arbejdsstillinger.<\/p><p>Varimixer samarbejder med Danmarks Tekniske Universitet (DTU) om udvikling af ideer og koncepter, der kan forbedre ergonomi og arbejdssikkerhed.<\/p><p><strong>L\u00e6r mere om vores produkter<\/strong><\/p><p>Varimixer fremstiller r\u00f8remaskiner p\u00e5 baggrund af dybtg\u00e5ende viden om brugernes behov og daglige rutiner i professionelle k\u00f8kkener og bagerier.<\/p><p><a href=\"\/da\/produkter\/\">Se vores produkter her<\/a><\/p>\t\t\t\t\t\t\t\t<\/div>\n\t\t\t\t<\/div>\n\t\t\t\t\t<\/div>\n\t\t<\/div>\n\t\t\t\t<div class=\"elementor-column elementor-col-33 elementor-top-column elementor-element elementor-element-786a18f7\" data-id=\"786a18f7\" data-element_type=\"column\" data-e-type=\"column\">\n\t\t\t<div class=\"elementor-widget-wrap elementor-element-populated\">\n\t\t\t\t\t\t<div class=\"elementor-element elementor-element-44739bba elementor-widget elementor-widget-image\" data-id=\"44739bba\" data-element_type=\"widget\" data-e-type=\"widget\" data-widget_type=\"image.default\">\n\t\t\t\t<div class=\"elementor-widget-container\">\n\t\t\t\t\t\t\t\t\t\t\t\t\t\t\t<img fetchpriority=\"high\" decoding=\"async\" width=\"1500\" height=\"1500\" src=\"https:\/\/varimixer.com\/wp-content\/uploads\/2024\/11\/Varimixer_ERGO_Planetary_Mixer_100L_Stainless-steel_M100-0045-VL5.jpg\" class=\"attachment-full size-full wp-image-17270\" alt=\"\" srcset=\"https:\/\/varimixer.com\/wp-content\/uploads\/2024\/11\/Varimixer_ERGO_Planetary_Mixer_100L_Stainless-steel_M100-0045-VL5.jpg 1500w, https:\/\/varimixer.com\/wp-content\/uploads\/2024\/11\/Varimixer_ERGO_Planetary_Mixer_100L_Stainless-steel_M100-0045-VL5-300x300.jpg 300w, https:\/\/varimixer.com\/wp-content\/uploads\/2024\/11\/Varimixer_ERGO_Planetary_Mixer_100L_Stainless-steel_M100-0045-VL5-1024x1024.jpg 1024w, https:\/\/varimixer.com\/wp-content\/uploads\/2024\/11\/Varimixer_ERGO_Planetary_Mixer_100L_Stainless-steel_M100-0045-VL5-150x150.jpg 150w, https:\/\/varimixer.com\/wp-content\/uploads\/2024\/11\/Varimixer_ERGO_Planetary_Mixer_100L_Stainless-steel_M100-0045-VL5-768x768.jpg 768w, https:\/\/varimixer.com\/wp-content\/uploads\/2024\/11\/Varimixer_ERGO_Planetary_Mixer_100L_Stainless-steel_M100-0045-VL5-64x64.jpg 64w\" sizes=\"(max-width: 1500px) 100vw, 1500px\" \/>\t\t\t\t\t\t\t\t\t\t\t\t\t\t\t<\/div>\n\t\t\t\t<\/div>\n\t\t\t\t\t<\/div>\n\t\t<\/div>\n\t\t\t\t\t<\/div>\n\t\t<\/section>\n\t\t\t\t<section class=\"elementor-section elementor-top-section elementor-element elementor-element-461c6d9f elementor-section-boxed elementor-section-height-default elementor-section-height-default\" data-id=\"461c6d9f\" data-element_type=\"section\" data-e-type=\"section\" data-settings=\"{&quot;background_background&quot;:&quot;classic&quot;}\">\n\t\t\t\t\t\t<div class=\"elementor-container elementor-column-gap-default\">\n\t\t\t\t\t<div class=\"elementor-column elementor-col-100 elementor-top-column elementor-element elementor-element-29082c14\" data-id=\"29082c14\" data-element_type=\"column\" data-e-type=\"column\">\n\t\t\t<div class=\"elementor-widget-wrap elementor-element-populated\">\n\t\t\t\t\t\t<div class=\"elementor-element elementor-element-6ba992f3 elementor-widget elementor-widget-heading\" data-id=\"6ba992f3\" data-element_type=\"widget\" data-e-type=\"widget\" data-widget_type=\"heading.default\">\n\t\t\t\t<div class=\"elementor-widget-container\">\n\t\t\t\t\t<h2 class=\"elementor-heading-title elementor-size-default\">Kontakt en Varimixer specialist<\/h2>\t\t\t\t<\/div>\n\t\t\t\t<\/div>\n\t\t\t\t<div class=\"elementor-element elementor-element-6007695f elementor-widget elementor-widget-heading\" data-id=\"6007695f\" data-element_type=\"widget\" data-e-type=\"widget\" data-widget_type=\"heading.default\">\n\t\t\t\t<div class=\"elementor-widget-container\">\n\t\t\t\t\t<h4 class=\"elementor-heading-title elementor-size-default\">Kontakt en af vores dygtige forhandlere for mere information om AR \/ KODIAK \/ ERGO \/ TEDDY-serien.<\/h4>\t\t\t\t<\/div>\n\t\t\t\t<\/div>\n\t\t\t\t<div class=\"elementor-element elementor-element-2e4929b9 elementor-align-left elementor-widget elementor-widget-button\" data-id=\"2e4929b9\" data-element_type=\"widget\" data-e-type=\"widget\" data-widget_type=\"button.default\">\n\t\t\t\t<div class=\"elementor-widget-container\">\n\t\t\t\t\t\t\t\t\t<div class=\"elementor-button-wrapper\">\n\t\t\t\t\t<a class=\"elementor-button elementor-button-link elementor-size-sm\" href=\"\/da\/forhandlere\/\">\n\t\t\t\t\t\t<span class=\"elementor-button-content-wrapper\">\n\t\t\t\t\t\t<span class=\"elementor-button-icon\">\n\t\t\t\t<i aria-hidden=\"true\" class=\"fas fa-shopping-cart\"><\/i>\t\t\t<\/span>\n\t\t\t\t\t\t\t\t\t<span class=\"elementor-button-text\">Find en forhandler i dit omr\u00e5de<\/span>\n\t\t\t\t\t<\/span>\n\t\t\t\t\t<\/a>\n\t\t\t\t<\/div>\n\t\t\t\t\t\t\t\t<\/div>\n\t\t\t\t<\/div>\n\t\t\t\t\t<\/div>\n\t\t<\/div>\n\t\t\t\t\t<\/div>\n\t\t<\/section>\n\t\t\t\t<\/div>\n\t\t","protected":false},"excerpt":{"rendered":"<p>Arbejdssikkerhed og ergonomi Varimixers vision er at hj\u00e6lpe med til at g\u00f8re det professionelle k\u00f8kken og bageri til et sikkert og sundt arbejdsmilj\u00f8. Denne vision er selve DNA\u2019et i vores produktudvikling og bygger p\u00e5 t\u00e6t samarbejde med brugere over hele verden. Se filmen om arbejdssikkerhed her Udviklet af fagfolk til fagfolk N\u00e5r vi udvikler vores [&hellip;]<\/p>\n","protected":false},"author":209,"featured_media":0,"parent":0,"menu_order":118,"comment_status":"closed","ping_status":"closed","template":"","meta":{"_acf_changed":false,"footnotes":""},"class_list":["post-9589","page","type-page","status-publish","hentry"],"acf":[],"aioseo_notices":[],"_links":{"self":[{"href":"https:\/\/varimixer.com\/da\/wp-json\/wp\/v2\/pages\/9589","targetHints":{"allow":["GET"]}}],"collection":[{"href":"https:\/\/varimixer.com\/da\/wp-json\/wp\/v2\/pages"}],"about":[{"href":"https:\/\/varimixer.com\/da\/wp-json\/wp\/v2\/types\/page"}],"author":[{"embeddable":true,"href":"https:\/\/varimixer.com\/da\/wp-json\/wp\/v2\/users\/209"}],"replies":[{"embeddable":true,"href":"https:\/\/varimixer.com\/da\/wp-json\/wp\/v2\/comments?post=9589"}],"version-history":[{"count":0,"href":"https:\/\/varimixer.com\/da\/wp-json\/wp\/v2\/pages\/9589\/revisions"}],"wp:attachment":[{"href":"https:\/\/varimixer.com\/da\/wp-json\/wp\/v2\/media?parent=9589"}],"curies":[{"name":"wp","href":"https:\/\/api.w.org\/{rel}","templated":true}]}}